{"id":23297,"date":"2022-03-03T16:21:27","date_gmt":"2022-03-03T15:21:27","guid":{"rendered":"https:\/\/zippygrip.it\/?page_id=23297"},"modified":"2022-03-03T16:21:49","modified_gmt":"2022-03-03T15:21:49","slug":"secteurs","status":"publish","type":"page","link":"https:\/\/zippygrip.it\/fr\/secteurs\/","title":{"rendered":"Secteurs"},"content":{"rendered":"<div class=\"wpb-content-wrapper\"><p>[vc_row row_type=\u00a0\u00bbrow\u00a0\u00bb use_row_as_full_screen_section=\u00a0\u00bbno\u00a0\u00bb type=\u00a0\u00bbfull_width\u00a0\u00bb text_align=\u00a0\u00bbleft\u00a0\u00bb background_animation=\u00a0\u00bbnone\u00a0\u00bb css_animation=\u00a0\u00bb\u00a0\u00bb][vc_column][vc_empty_space height=\u00a0\u00bb50px\u00a0\u00bb][\/vc_column][\/vc_row][vc_row row_type=\u00a0\u00bbrow\u00a0\u00bb use_row_as_full_screen_section=\u00a0\u00bbno\u00a0\u00bb type=\u00a0\u00bbgrid\u00a0\u00bb text_align=\u00a0\u00bbleft\u00a0\u00bb background_animation=\u00a0\u00bbnone\u00a0\u00bb padding_bottom=\u00a0\u00bb45&Prime; css_animation=\u00a0\u00bb\u00a0\u00bb][vc_column width=\u00a0\u00bb1\/2&Prime;][vc_column_text]<strong>Le syst\u00e8me refermable est largement utilis\u00e9 dans les march\u00e9s suivants:<\/strong>[\/vc_column_text][vc_separator type=\u00a0\u00bbtransparent\u00a0\u00bb border_style=\u00a0\u00bb\u00a0\u00bb up=\u00a0\u00bb20&Prime; down=\u00a0\u00bb0&Prime; icon_pack=\u00a0\u00bbfont_awesome\u00a0\u00bb][vc_column_text]<\/p>\n<ul>\n<li>industrie alimentaire:<br \/>\n&#8211; Produits laitiers (fromage r\u00e2p\u00e9, petits morceaux, etc)<br \/>\n&#8211; nourriture pour animaux domestiques<br \/>\n&#8211; produits surgl\u00e9s\/congel\u00e9s<br \/>\n&#8211; produits de confiserie<br \/>\n&#8211; caf\u00e9<br \/>\n&#8211; fruits secs<br \/>\n&#8211; salads compos\u00e9es, legumes<\/li>\n<li>pour l\u2019industrie pharmaceutique, cosm\u00e9tique<\/li>\n<li>pour le conditionnement de produits industriels<\/li>\n<li>Produits de bricolage, outillage, quincaillerie &#8211; Produits du jardin.<\/li>\n<\/ul>\n<p>[\/vc_column_text][\/vc_column][vc_column width=\u00a0\u00bb1\/2&Prime;][vc_column_text]<strong>Avantages pour le fabricant<\/strong>[\/vc_column_text][vc_separator type=\u00a0\u00bbtransparent\u00a0\u00bb border_style=\u00a0\u00bb\u00a0\u00bb up=\u00a0\u00bb20&Prime; down=\u00a0\u00bb0&Prime; icon_pack=\u00a0\u00bbfont_awesome\u00a0\u00bb][vc_column_text]<\/p>\n<ul>\n<li>Les produits emball\u00e9s conservent les caract\u00e9ristiques organoleptiques<\/li>\n<li>C\u2019est un service qui donne une valeur ajout\u00e9e au produit et \u00e0 la marque<\/li>\n<li>Il augmente la part de march\u00e9 sans besoin de publicit\u00e9<\/li>\n<li>Un emballage qui vous donne envie d&rsquo;acheter: le client d\u00e9cide pour le 65% sur le point de vente ce qu&rsquo;il doit acheter, le sachet refermable r\u00e9pond tr\u00e8s bien aux d\u00e9sirs du consommateur:<br \/>\n&#8211; conserve la fra\u00eecheur<br \/>\n&#8211; conserve les ar\u00f4mes<br \/>\n&#8211; il est pratique, facile \u00e0 ouvrir et \u00e0 refermer<br \/>\n&#8211; Pas besoin de ciseaux ou instruments pointus.<\/li>\n<\/ul>\n<p>[\/vc_column_text][\/vc_column][\/vc_row][vc_row row_type=\u00a0\u00bbrow\u00a0\u00bb use_row_as_full_screen_section=\u00a0\u00bbno\u00a0\u00bb type=\u00a0\u00bbgrid\u00a0\u00bb text_align=\u00a0\u00bbleft\u00a0\u00bb background_animation=\u00a0\u00bbnone\u00a0\u00bb css_animation=\u00a0\u00bb\u00a0\u00bb][vc_column][vc_column_text]<strong>Un emballage fonctionnel qui obtiendra un avis positif par l&rsquo;utilisateur final et sera appr\u00e9ci\u00e9 par les grands d\u00e9taillants, qui r\u00e9servent toujours plus de place aux emballages flexibles refermables.<\/strong>[\/vc_column_text][vc_empty_space height=\u00a0\u00bb50px\u00a0\u00bb][vc_gallery type=\u00a0\u00bbimage_grid\u00a0\u00bb images=\u00a0\u00bb23123,23172,23164,23179,23194&Prime; column_number=\u00a0\u00bb5&Prime; grayscale=\u00a0\u00bbno\u00a0\u00bb space_between_images=\u00a0\u00bbno\u00a0\u00bb][vc_empty_space height=\u00a0\u00bb50px\u00a0\u00bb][\/vc_column][\/vc_row]<\/p>\n<\/div>","protected":false},"excerpt":{"rendered":"<p>[vc_row row_type=\u00a0\u00bbrow\u00a0\u00bb use_row_as_full_screen_section=\u00a0\u00bbno\u00a0\u00bb type=\u00a0\u00bbfull_width\u00a0\u00bb text_align=\u00a0\u00bbleft\u00a0\u00bb background_animation=\u00a0\u00bbnone\u00a0\u00bb css_animation=\u00a0\u00bb\u00a0\u00bb][vc_column][vc_empty_space height=\u00a0\u00bb50px\u00a0\u00bb][\/vc_column][\/vc_row][vc_row row_type=\u00a0\u00bbrow\u00a0\u00bb use_row_as_full_screen_section=\u00a0\u00bbno\u00a0\u00bb type=\u00a0\u00bbgrid\u00a0\u00bb text_align=\u00a0\u00bbleft\u00a0\u00bb background_animation=\u00a0\u00bbnone\u00a0\u00bb padding_bottom=\u00a0\u00bb45&Prime; css_animation=\u00a0\u00bb\u00a0\u00bb][vc_column width=\u00a0\u00bb1\/2&Prime;][vc_column_text]Le syst\u00e8me refermable est largement utilis\u00e9 dans les march\u00e9s suivants:[\/vc_column_text][vc_separator type=\u00a0\u00bbtransparent\u00a0\u00bb border_style=\u00a0\u00bb\u00a0\u00bb up=\u00a0\u00bb20&Prime; down=\u00a0\u00bb0&Prime; icon_pack=\u00a0\u00bbfont_awesome\u00a0\u00bb][vc_column_text] industrie alimentaire: &#8211; Produits laitiers (fromage r\u00e2p\u00e9, petits morceaux, etc) &#8211; nourriture pour animaux domestiques&#8230;<\/p>\n","protected":false},"author":1,"featured_media":0,"parent":0,"menu_order":0,"comment_status":"open","ping_status":"open","template":"full_width.php","meta":{"footnotes":""},"class_list":["post-23297","page","type-page","status-publish","hentry"],"yoast_head":"<!-- This site is optimized with the Yoast SEO plugin v21.8 - https:\/\/yoast.com\/wordpress\/plugins\/seo\/ -->\n<title>Secteurs - Zippy di Minigrip<\/title>\n<meta name=\"robots\" content=\"index, follow, max-snippet:-1, max-image-preview:large, max-video-preview:-1\" \/>\n<link rel=\"canonical\" href=\"https:\/\/zippygrip.it\/fr\/secteurs\/\" \/>\n<meta property=\"og:locale\" content=\"fr_FR\" \/>\n<meta property=\"og:type\" content=\"article\" \/>\n<meta property=\"og:title\" content=\"Secteurs - Zippy di Minigrip\" \/>\n<meta property=\"og:description\" content=\"[vc_row row_type=\u00a0\u00bbrow\u00a0\u00bb use_row_as_full_screen_section=\u00a0\u00bbno\u00a0\u00bb type=\u00a0\u00bbfull_width\u00a0\u00bb text_align=\u00a0\u00bbleft\u00a0\u00bb background_animation=\u00a0\u00bbnone\u00a0\u00bb css_animation=\u00a0\u00bb\u00a0\u00bb][vc_column][vc_empty_space height=\u00a0\u00bb50px\u00a0\u00bb][\/vc_column][\/vc_row][vc_row row_type=\u00a0\u00bbrow\u00a0\u00bb use_row_as_full_screen_section=\u00a0\u00bbno\u00a0\u00bb type=\u00a0\u00bbgrid\u00a0\u00bb text_align=\u00a0\u00bbleft\u00a0\u00bb background_animation=\u00a0\u00bbnone\u00a0\u00bb padding_bottom=\u00a0\u00bb45&Prime; css_animation=\u00a0\u00bb\u00a0\u00bb][vc_column width=\u00a0\u00bb1\/2&Prime;][vc_column_text]Le syst\u00e8me refermable est largement utilis\u00e9 dans les march\u00e9s suivants:[\/vc_column_text][vc_separator type=\u00a0\u00bbtransparent\u00a0\u00bb border_style=\u00a0\u00bb\u00a0\u00bb up=\u00a0\u00bb20&Prime; down=\u00a0\u00bb0&Prime; icon_pack=\u00a0\u00bbfont_awesome\u00a0\u00bb][vc_column_text] industrie alimentaire: &#8211; Produits laitiers (fromage r\u00e2p\u00e9, petits morceaux, etc) &#8211; nourriture pour animaux domestiques...\" \/>\n<meta property=\"og:url\" content=\"https:\/\/zippygrip.it\/fr\/secteurs\/\" \/>\n<meta property=\"og:site_name\" content=\"Zippy di Minigrip\" \/>\n<meta property=\"article:modified_time\" content=\"2022-03-03T15:21:49+00:00\" \/>\n<meta name=\"twitter:card\" content=\"summary_large_image\" \/>\n<meta name=\"twitter:label1\" content=\"Dur\u00e9e de lecture estim\u00e9e\" \/>\n\t<meta name=\"twitter:data1\" content=\"2 minutes\" \/>\n<!-- \/ Yoast SEO plugin. -->","yoast_head_json":{"title":"Secteurs - Zippy di Minigrip","robots":{"index":"index","follow":"follow","max-snippet":"max-snippet:-1","max-image-preview":"max-image-preview:large","max-video-preview":"max-video-preview:-1"},"canonical":"https:\/\/zippygrip.it\/fr\/secteurs\/","og_locale":"fr_FR","og_type":"article","og_title":"Secteurs - Zippy di Minigrip","og_description":"[vc_row row_type=\u00a0\u00bbrow\u00a0\u00bb use_row_as_full_screen_section=\u00a0\u00bbno\u00a0\u00bb type=\u00a0\u00bbfull_width\u00a0\u00bb text_align=\u00a0\u00bbleft\u00a0\u00bb background_animation=\u00a0\u00bbnone\u00a0\u00bb css_animation=\u00a0\u00bb\u00a0\u00bb][vc_column][vc_empty_space height=\u00a0\u00bb50px\u00a0\u00bb][\/vc_column][\/vc_row][vc_row row_type=\u00a0\u00bbrow\u00a0\u00bb use_row_as_full_screen_section=\u00a0\u00bbno\u00a0\u00bb type=\u00a0\u00bbgrid\u00a0\u00bb text_align=\u00a0\u00bbleft\u00a0\u00bb background_animation=\u00a0\u00bbnone\u00a0\u00bb padding_bottom=\u00a0\u00bb45&Prime; css_animation=\u00a0\u00bb\u00a0\u00bb][vc_column width=\u00a0\u00bb1\/2&Prime;][vc_column_text]Le syst\u00e8me refermable est largement utilis\u00e9 dans les march\u00e9s suivants:[\/vc_column_text][vc_separator type=\u00a0\u00bbtransparent\u00a0\u00bb border_style=\u00a0\u00bb\u00a0\u00bb up=\u00a0\u00bb20&Prime; down=\u00a0\u00bb0&Prime; icon_pack=\u00a0\u00bbfont_awesome\u00a0\u00bb][vc_column_text] industrie alimentaire: &#8211; Produits laitiers (fromage r\u00e2p\u00e9, petits morceaux, etc) &#8211; nourriture pour animaux domestiques...","og_url":"https:\/\/zippygrip.it\/fr\/secteurs\/","og_site_name":"Zippy di Minigrip","article_modified_time":"2022-03-03T15:21:49+00:00","twitter_card":"summary_large_image","twitter_misc":{"Dur\u00e9e de lecture estim\u00e9e":"2 minutes"},"schema":{"@context":"https:\/\/schema.org","@graph":[{"@type":"WebPage","@id":"https:\/\/zippygrip.it\/fr\/secteurs\/","url":"https:\/\/zippygrip.it\/fr\/secteurs\/","name":"Secteurs - Zippy di Minigrip","isPartOf":{"@id":"https:\/\/zippygrip.it\/#website"},"datePublished":"2022-03-03T15:21:27+00:00","dateModified":"2022-03-03T15:21:49+00:00","breadcrumb":{"@id":"https:\/\/zippygrip.it\/fr\/secteurs\/#breadcrumb"},"inLanguage":"fr-FR","potentialAction":[{"@type":"ReadAction","target":["https:\/\/zippygrip.it\/fr\/secteurs\/"]}]},{"@type":"BreadcrumbList","@id":"https:\/\/zippygrip.it\/fr\/secteurs\/#breadcrumb","itemListElement":[{"@type":"ListItem","position":1,"name":"Home","item":"https:\/\/zippygrip.it\/fr\/"},{"@type":"ListItem","position":2,"name":"Secteurs"}]},{"@type":"WebSite","@id":"https:\/\/zippygrip.it\/#website","url":"https:\/\/zippygrip.it\/","name":"Zippy di Minigrip","description":"Doipack - packaging stand-up","publisher":{"@id":"https:\/\/zippygrip.it\/#organization"},"potentialAction":[{"@type":"SearchAction","target":{"@type":"EntryPoint","urlTemplate":"https:\/\/zippygrip.it\/?s={search_term_string}"},"query-input":"required name=search_term_string"}],"inLanguage":"fr-FR"},{"@type":"Organization","@id":"https:\/\/zippygrip.it\/#organization","name":"Minigrip\u00ae Grip-pak\u00ae","url":"https:\/\/zippygrip.it\/","logo":{"@type":"ImageObject","inLanguage":"fr-FR","@id":"https:\/\/zippygrip.it\/#\/schema\/logo\/image\/","url":"https:\/\/zippygrip.it\/wp-content\/uploads\/2019\/11\/StandUp-logo.png","contentUrl":"https:\/\/zippygrip.it\/wp-content\/uploads\/2019\/11\/StandUp-logo.png","width":350,"height":165,"caption":"Minigrip\u00ae Grip-pak\u00ae"},"image":{"@id":"https:\/\/zippygrip.it\/#\/schema\/logo\/image\/"}}]}},"_links":{"self":[{"href":"https:\/\/zippygrip.it\/fr\/wp-json\/wp\/v2\/pages\/23297","targetHints":{"allow":["GET"]}}],"collection":[{"href":"https:\/\/zippygrip.it\/fr\/wp-json\/wp\/v2\/pages"}],"about":[{"href":"https:\/\/zippygrip.it\/fr\/wp-json\/wp\/v2\/types\/page"}],"author":[{"embeddable":true,"href":"https:\/\/zippygrip.it\/fr\/wp-json\/wp\/v2\/users\/1"}],"replies":[{"embeddable":true,"href":"https:\/\/zippygrip.it\/fr\/wp-json\/wp\/v2\/comments?post=23297"}],"version-history":[{"count":3,"href":"https:\/\/zippygrip.it\/fr\/wp-json\/wp\/v2\/pages\/23297\/revisions"}],"predecessor-version":[{"id":23300,"href":"https:\/\/zippygrip.it\/fr\/wp-json\/wp\/v2\/pages\/23297\/revisions\/23300"}],"wp:attachment":[{"href":"https:\/\/zippygrip.it\/fr\/wp-json\/wp\/v2\/media?parent=23297"}],"curies":[{"name":"wp","href":"https:\/\/api.w.org\/{rel}","templated":true}]}}