{"id":23283,"date":"2022-03-03T16:02:35","date_gmt":"2022-03-03T15:02:35","guid":{"rendered":"https:\/\/zippygrip.it\/?page_id=23283"},"modified":"2022-03-03T16:02:35","modified_gmt":"2022-03-03T15:02:35","slug":"qui-sommes-nous","status":"publish","type":"page","link":"https:\/\/zippygrip.it\/fr\/qui-sommes-nous\/","title":{"rendered":"Qui sommes-nous"},"content":{"rendered":"<div class=\"wpb-content-wrapper\"><p>[vc_row row_type=\u00a0\u00bbrow\u00a0\u00bb use_row_as_full_screen_section=\u00a0\u00bbno\u00a0\u00bb type=\u00a0\u00bbfull_width\u00a0\u00bb text_align=\u00a0\u00bbleft\u00a0\u00bb background_animation=\u00a0\u00bbnone\u00a0\u00bb padding_bottom=\u00a0\u00bb45&Prime; css_animation=\u00a0\u00bb\u00a0\u00bb][vc_column][vc_column_text]MINIGRIP Grip-Pak est une entreprise qui fabrique et commercialise pour l&#8217;emballage souple refermable plastique de plus de 40 ans. L&rsquo;exp\u00e9rience et l&rsquo;expertise acquises, autoris\u00e9s \u00e0 sac pour \u00e9largir le sac de plage produit, y compris la production de fermeture profil ZIPPY.<\/p>\n<p>&nbsp;<\/p>\n<h3>Les march\u00e9s:<\/h3>\n<ul>\n<li>Industrie alimentaire:<br \/>\n&#8211; Fromage r\u00e2p\u00e9, petits morceaux<br \/>\n&#8211; Nourritures pour animaux (pet food)<br \/>\n&#8211; Produits surgel\u00e9s<br \/>\n&#8211; Confi serie<br \/>\n&#8211; Caf\u00e9<br \/>\n&#8211; Fruits secs<\/li>\n<li>Pour l\u2019industrie pharmaceutique, cosm\u00e9tique<\/li>\n<li>Produits industriels<\/li>\n<li>Bricolage, outillage, quincaillerie<\/li>\n<\/ul>\n<p>[\/vc_column_text][vc_separator type=\u00a0\u00bbtransparent\u00a0\u00bb border_style=\u00a0\u00bb\u00a0\u00bb up=\u00a0\u00bb20&Prime; down=\u00a0\u00bb0&Prime; icon_pack=\u00a0\u00bbfont_awesome\u00a0\u00bb][\/vc_column][\/vc_row]<\/p>\n<\/div>","protected":false},"excerpt":{"rendered":"<p>[vc_row row_type=\u00a0\u00bbrow\u00a0\u00bb use_row_as_full_screen_section=\u00a0\u00bbno\u00a0\u00bb type=\u00a0\u00bbfull_width\u00a0\u00bb text_align=\u00a0\u00bbleft\u00a0\u00bb background_animation=\u00a0\u00bbnone\u00a0\u00bb padding_bottom=\u00a0\u00bb45&Prime; css_animation=\u00a0\u00bb\u00a0\u00bb][vc_column][vc_column_text]MINIGRIP Grip-Pak est une entreprise qui fabrique et commercialise pour l&#8217;emballage souple refermable plastique de plus de 40 ans. L&rsquo;exp\u00e9rience et l&rsquo;expertise acquises, autoris\u00e9s \u00e0 sac pour \u00e9largir le sac de plage produit, y compris la production de&#8230;<\/p>\n","protected":false},"author":1,"featured_media":0,"parent":0,"menu_order":0,"comment_status":"open","ping_status":"open","template":"","meta":{"footnotes":""},"class_list":["post-23283","page","type-page","status-publish","hentry"],"yoast_head":"<!-- This site is optimized with the Yoast SEO plugin v21.8 - https:\/\/yoast.com\/wordpress\/plugins\/seo\/ -->\n<title>Qui sommes-nous - Zippy di Minigrip<\/title>\n<meta name=\"robots\" content=\"index, follow, max-snippet:-1, max-image-preview:large, max-video-preview:-1\" \/>\n<link rel=\"canonical\" href=\"https:\/\/zippygrip.it\/fr\/qui-sommes-nous\/\" \/>\n<meta property=\"og:locale\" content=\"fr_FR\" \/>\n<meta property=\"og:type\" content=\"article\" \/>\n<meta property=\"og:title\" content=\"Qui sommes-nous - Zippy di Minigrip\" \/>\n<meta property=\"og:description\" content=\"[vc_row row_type=\u00a0\u00bbrow\u00a0\u00bb use_row_as_full_screen_section=\u00a0\u00bbno\u00a0\u00bb type=\u00a0\u00bbfull_width\u00a0\u00bb text_align=\u00a0\u00bbleft\u00a0\u00bb background_animation=\u00a0\u00bbnone\u00a0\u00bb padding_bottom=\u00a0\u00bb45&Prime; css_animation=\u00a0\u00bb\u00a0\u00bb][vc_column][vc_column_text]MINIGRIP Grip-Pak est une entreprise qui fabrique et commercialise pour l&#8217;emballage souple refermable plastique de plus de 40 ans. L&rsquo;exp\u00e9rience et l&rsquo;expertise acquises, autoris\u00e9s \u00e0 sac pour \u00e9largir le sac de plage produit, y compris la production de...\" \/>\n<meta property=\"og:url\" content=\"https:\/\/zippygrip.it\/fr\/qui-sommes-nous\/\" \/>\n<meta property=\"og:site_name\" content=\"Zippy di Minigrip\" \/>\n<meta name=\"twitter:card\" content=\"summary_large_image\" \/>\n<meta name=\"twitter:label1\" content=\"Dur\u00e9e de lecture estim\u00e9e\" \/>\n\t<meta name=\"twitter:data1\" content=\"1 minute\" \/>\n<!-- \/ Yoast SEO plugin. -->","yoast_head_json":{"title":"Qui sommes-nous - Zippy di Minigrip","robots":{"index":"index","follow":"follow","max-snippet":"max-snippet:-1","max-image-preview":"max-image-preview:large","max-video-preview":"max-video-preview:-1"},"canonical":"https:\/\/zippygrip.it\/fr\/qui-sommes-nous\/","og_locale":"fr_FR","og_type":"article","og_title":"Qui sommes-nous - Zippy di Minigrip","og_description":"[vc_row row_type=\u00a0\u00bbrow\u00a0\u00bb use_row_as_full_screen_section=\u00a0\u00bbno\u00a0\u00bb type=\u00a0\u00bbfull_width\u00a0\u00bb text_align=\u00a0\u00bbleft\u00a0\u00bb background_animation=\u00a0\u00bbnone\u00a0\u00bb padding_bottom=\u00a0\u00bb45&Prime; css_animation=\u00a0\u00bb\u00a0\u00bb][vc_column][vc_column_text]MINIGRIP Grip-Pak est une entreprise qui fabrique et commercialise pour l&#8217;emballage souple refermable plastique de plus de 40 ans. L&rsquo;exp\u00e9rience et l&rsquo;expertise acquises, autoris\u00e9s \u00e0 sac pour \u00e9largir le sac de plage produit, y compris la production de...","og_url":"https:\/\/zippygrip.it\/fr\/qui-sommes-nous\/","og_site_name":"Zippy di Minigrip","twitter_card":"summary_large_image","twitter_misc":{"Dur\u00e9e de lecture estim\u00e9e":"1 minute"},"schema":{"@context":"https:\/\/schema.org","@graph":[{"@type":"WebPage","@id":"https:\/\/zippygrip.it\/fr\/qui-sommes-nous\/","url":"https:\/\/zippygrip.it\/fr\/qui-sommes-nous\/","name":"Qui sommes-nous - Zippy di Minigrip","isPartOf":{"@id":"https:\/\/zippygrip.it\/#website"},"datePublished":"2022-03-03T15:02:35+00:00","dateModified":"2022-03-03T15:02:35+00:00","breadcrumb":{"@id":"https:\/\/zippygrip.it\/fr\/qui-sommes-nous\/#breadcrumb"},"inLanguage":"fr-FR","potentialAction":[{"@type":"ReadAction","target":["https:\/\/zippygrip.it\/fr\/qui-sommes-nous\/"]}]},{"@type":"BreadcrumbList","@id":"https:\/\/zippygrip.it\/fr\/qui-sommes-nous\/#breadcrumb","itemListElement":[{"@type":"ListItem","position":1,"name":"Home","item":"https:\/\/zippygrip.it\/fr\/"},{"@type":"ListItem","position":2,"name":"Qui sommes-nous"}]},{"@type":"WebSite","@id":"https:\/\/zippygrip.it\/#website","url":"https:\/\/zippygrip.it\/","name":"Zippy di Minigrip","description":"Doipack - packaging stand-up","publisher":{"@id":"https:\/\/zippygrip.it\/#organization"},"potentialAction":[{"@type":"SearchAction","target":{"@type":"EntryPoint","urlTemplate":"https:\/\/zippygrip.it\/?s={search_term_string}"},"query-input":"required name=search_term_string"}],"inLanguage":"fr-FR"},{"@type":"Organization","@id":"https:\/\/zippygrip.it\/#organization","name":"Minigrip\u00ae Grip-pak\u00ae","url":"https:\/\/zippygrip.it\/","logo":{"@type":"ImageObject","inLanguage":"fr-FR","@id":"https:\/\/zippygrip.it\/#\/schema\/logo\/image\/","url":"https:\/\/zippygrip.it\/wp-content\/uploads\/2019\/11\/StandUp-logo.png","contentUrl":"https:\/\/zippygrip.it\/wp-content\/uploads\/2019\/11\/StandUp-logo.png","width":350,"height":165,"caption":"Minigrip\u00ae Grip-pak\u00ae"},"image":{"@id":"https:\/\/zippygrip.it\/#\/schema\/logo\/image\/"}}]}},"_links":{"self":[{"href":"https:\/\/zippygrip.it\/fr\/wp-json\/wp\/v2\/pages\/23283","targetHints":{"allow":["GET"]}}],"collection":[{"href":"https:\/\/zippygrip.it\/fr\/wp-json\/wp\/v2\/pages"}],"about":[{"href":"https:\/\/zippygrip.it\/fr\/wp-json\/wp\/v2\/types\/page"}],"author":[{"embeddable":true,"href":"https:\/\/zippygrip.it\/fr\/wp-json\/wp\/v2\/users\/1"}],"replies":[{"embeddable":true,"href":"https:\/\/zippygrip.it\/fr\/wp-json\/wp\/v2\/comments?post=23283"}],"version-history":[{"count":1,"href":"https:\/\/zippygrip.it\/fr\/wp-json\/wp\/v2\/pages\/23283\/revisions"}],"predecessor-version":[{"id":23284,"href":"https:\/\/zippygrip.it\/fr\/wp-json\/wp\/v2\/pages\/23283\/revisions\/23284"}],"wp:attachment":[{"href":"https:\/\/zippygrip.it\/fr\/wp-json\/wp\/v2\/media?parent=23283"}],"curies":[{"name":"wp","href":"https:\/\/api.w.org\/{rel}","templated":true}]}}