{"id":23322,"date":"2022-03-03T17:45:42","date_gmt":"2022-03-03T16:45:42","guid":{"rendered":"https:\/\/zippygrip.it\/?page_id=23322"},"modified":"2022-06-30T16:46:24","modified_gmt":"2022-06-30T14:46:24","slug":"imballaggi-richiudibili-in-materiale-plastico-flessibile","status":"publish","type":"page","link":"https:\/\/zippygrip.it\/es\/","title":{"rendered":"Zippy\u00ae Minigrip\u00ae"},"content":{"rendered":"<div class=\"wpb-content-wrapper\"><p>[vc_row row_type=\u00bbrow\u00bb use_row_as_full_screen_section=\u00bbno\u00bb type=\u00bbfull_width\u00bb text_align=\u00bbleft\u00bb background_animation=\u00bbnone\u00bb css_animation=\u00bb\u00bb][vc_column offset=\u00bbvc_hidden-sm vc_hidden-xs\u00bb]\n\t\t\t<!-- START home es REVOLUTION SLIDER 6.0.9 --><p class=\"rs-p-wp-fix\"><\/p>\n\t\t\t<rs-module-wrap id=\"rev_slider_4_1_wrapper\" data-source=\"gallery\" style=\"background:transparent;padding:0;margin:0px auto;margin-top:0;margin-bottom:0;\">\n\t\t\t\t<rs-module id=\"rev_slider_4_1\" style=\"display:none;\" data-version=\"6.0.9\">\n\t\t\t\t\t<rs-slides>\n\t\t\t\t\t\t<rs-slide data-key=\"rs-12\" data-title=\"Slide\" data-thumb=\"\/\/zippygrip.it\/wp-content\/uploads\/2020\/07\/zip-prodotti-in-evidenza-100x50.jpg\" data-anim=\"ei:d;eo:d;s:600;r:0;t:fade;sl:d;\">\n\t\t\t\t\t\t\t<img loading=\"lazy\" decoding=\"async\" src=\"\/\/zippygrip.it\/wp-content\/plugins\/revslider\/public\/assets\/assets\/dummy.png\" title=\"zip-prodotti-in-evidenza\" width=\"1918\" height=\"524\" data-lazyload=\"\/\/zippygrip.it\/wp-content\/uploads\/2020\/07\/zip-prodotti-in-evidenza.jpg\" data-bg=\"p:center top;\" data-parallax=\"off\" class=\"rev-slidebg\" data-no-retina>\n<!--\n\t\t\t\t\t\t\t--><rs-layer\n\t\t\t\t\t\t\t\tid=\"slider-4-slide-12-layer-16\" \n\t\t\t\t\t\t\t\tclass=\"slider1_1\"\n\t\t\t\t\t\t\t\tdata-type=\"text\"\n\t\t\t\t\t\t\t\tdata-color=\"#000000\"\n\t\t\t\t\t\t\t\tdata-rsp_ch=\"on\"\n\t\t\t\t\t\t\t\tdata-xy=\"x:l,l,c,c;xo:-1px,-287px,-263px,-122px;y:b,b,m,m;yo:95px,50px,51px,34px;\"\n\t\t\t\t\t\t\t\tdata-text=\"w:nowrap,nowrap,nowrap,nowrap;s:28,28,18,15;l:40,40,44,45;fw:500,400,400,400;a:left,left,inherit,inherit;\"\n\t\t\t\t\t\t\t\tdata-frame_0=\"y:100%;tp:600;\"\n\t\t\t\t\t\t\t\tdata-frame_0_mask=\"u:t;y:100%;\"\n\t\t\t\t\t\t\t\tdata-frame_1=\"x:0,0,0px,0px;y:0,0,0px,0px;tp:600;e:Power2.easeInOut;st:599.99969482422;sp:500;sR:599.99969482422;\"\n\t\t\t\t\t\t\t\tdata-frame_1_mask=\"u:t;x:0,0,0px,0px;y:0,0,0px,0px;\"\n\t\t\t\t\t\t\t\tdata-frame_999=\"o:0;tp:600;st:w;sR:7900.0006103516;\"\n\t\t\t\t\t\t\t\tstyle=\"z-index:5;font-family:Khand;\"\n\t\t\t\t\t\t\t><br \/>\n<b style=\"font-size: 66px;\">ZIPPY \u00ae<\/b><br \/>\nEl sistema de resellabilidad<br>de Minigrip\u00ae \n\t\t\t\t\t\t\t<\/rs-layer><!--\n-->\t\t\t\t\t\t<\/rs-slide>\n\t\t\t\t\t\t<rs-slide data-key=\"rs-13\" data-title=\"Slide\" data-thumb=\"\/\/zippygrip.it\/wp-content\/uploads\/2020\/04\/zippy-minigrip-100x50.jpg\" data-anim=\"ei:d;eo:d;s:600;r:0;t:fade;sl:d;\">\n\t\t\t\t\t\t\t<img loading=\"lazy\" decoding=\"async\" src=\"\/\/zippygrip.it\/wp-content\/plugins\/revslider\/public\/assets\/assets\/dummy.png\" title=\"zippy-minigrip\" width=\"1918\" height=\"550\" data-lazyload=\"\/\/zippygrip.it\/wp-content\/uploads\/2020\/04\/zippy-minigrip.jpg\" data-parallax=\"off\" class=\"rev-slidebg\" data-no-retina>\n<!--\n\t\t\t\t\t\t\t--><rs-layer\n\t\t\t\t\t\t\t\tid=\"slider-4-slide-13-layer-16\" \n\t\t\t\t\t\t\t\tclass=\"slider1_1\"\n\t\t\t\t\t\t\t\tdata-type=\"text\"\n\t\t\t\t\t\t\t\tdata-color=\"#000000\"\n\t\t\t\t\t\t\t\tdata-rsp_ch=\"on\"\n\t\t\t\t\t\t\t\tdata-xy=\"x:l,l,c,c;xo:1px,-287px,-263px,-122px;y:m;yo:30px,50px,51px,34px;\"\n\t\t\t\t\t\t\t\tdata-text=\"w:nowrap,nowrap,nowrap,nowrap;s:33,33,18,15;l:45,45,44,45;a:left,left,inherit,inherit;\"\n\t\t\t\t\t\t\t\tdata-frame_0=\"y:100%;tp:600;\"\n\t\t\t\t\t\t\t\tdata-frame_0_mask=\"u:t;y:100%;\"\n\t\t\t\t\t\t\t\tdata-frame_1=\"x:0,0,0px,0px;y:0,0,0px,0px;tp:600;e:Power2.easeInOut;st:599.99969482422;sp:500;sR:599.99969482422;\"\n\t\t\t\t\t\t\t\tdata-frame_1_mask=\"u:t;x:0,0,0px,0px;y:0,0,0px,0px;\"\n\t\t\t\t\t\t\t\tdata-frame_999=\"o:0;tp:600;st:w;sR:7900.0006103516;\"\n\t\t\t\t\t\t\t\tstyle=\"z-index:5;font-family:Khand;\"\n\t\t\t\t\t\t\t><br \/>\n<b style=\"font-size: 66px;\">ZIPPY \u00ae<\/b><br \/>\nAgregar valor a su producto y su marca<br>utilizando bolsas resellables \n\t\t\t\t\t\t\t<\/rs-layer><!--\n-->\t\t\t\t\t\t<\/rs-slide>\n\t\t\t\t\t<\/rs-slides>\n\t\t\t\t\t<rs-progress style=\"height: 5px; background: rgba(0,0,0,0.15);\"><\/rs-progress>\n\t\t\t\t<\/rs-module>\n\t\t\t\t<script type=\"text\/javascript\">\n\t\t\t\t\tsetREVStartSize({c: 'rev_slider_4_1',rl:[1240,1024,778,480],el:[550,600,500,400],gw:[1240,1024,778,480],gh:[550,600,500,400],layout:'fullwidth',mh:\"0\"});\n\t\t\t\t\tvar\trevapi4,\n\t\t\t\t\t\ttpj;\n\t\t\t\t\tjQuery(function() {\n\t\t\t\t\t\ttpj = jQuery;\n\t\t\t\t\t\tif(tpj(\"#rev_slider_4_1\").revolution == undefined){\n\t\t\t\t\t\t\trevslider_showDoubleJqueryError(\"#rev_slider_4_1\");\n\t\t\t\t\t\t}else{\n\t\t\t\t\t\t\trevapi4 = tpj(\"#rev_slider_4_1\").show().revolution({\n\t\t\t\t\t\t\t\tjsFileLocation:\"\/\/zippygrip.it\/wp-content\/plugins\/revslider\/public\/assets\/js\/\",\n\t\t\t\t\t\t\t\tsliderLayout:\"fullwidth\",\n\t\t\t\t\t\t\t\tvisibilityLevels:\"1240,1024,778,480\",\n\t\t\t\t\t\t\t\tgridwidth:\"1240,1024,778,480\",\n\t\t\t\t\t\t\t\tgridheight:\"550,600,500,400\",\n\t\t\t\t\t\t\t\tminHeight:\"\",\n\t\t\t\t\t\t\t\thideLayerAtLimit:481,\n\t\t\t\t\t\t\t\tlazyType:\"smart\",\n\t\t\t\t\t\t\t\teditorheight:\"550,600,500,400\",\n\t\t\t\t\t\t\t\tresponsiveLevels:\"1240,1024,778,480\",\n\t\t\t\t\t\t\t\tnavigation: {\n\t\t\t\t\t\t\t\t\tmouseScrollNavigation:false,\n\t\t\t\t\t\t\t\t\ttouch: {\n\t\t\t\t\t\t\t\t\t\ttouchenabled:true,\n\t\t\t\t\t\t\t\t\t\tswipe_min_touches:50\n\t\t\t\t\t\t\t\t\t},\n\t\t\t\t\t\t\t\t\tarrows: {\n\t\t\t\t\t\t\t\t\t\tenable:true,\n\t\t\t\t\t\t\t\t\t\tstyle:\"hesperiden\",\n\t\t\t\t\t\t\t\t\t\thide_onmobile:true,\n\t\t\t\t\t\t\t\t\t\thide_under:600,\n\t\t\t\t\t\t\t\t\t\thide_onleave:true,\n\t\t\t\t\t\t\t\t\t\tleft: {\n\t\t\t\t\t\t\t\t\t\t\th_offset:30\n\t\t\t\t\t\t\t\t\t\t},\n\t\t\t\t\t\t\t\t\t\tright: {\n\t\t\t\t\t\t\t\t\t\t\th_offset:30\n\t\t\t\t\t\t\t\t\t\t}\n\t\t\t\t\t\t\t\t\t}\n\t\t\t\t\t\t\t\t},\n\t\t\t\t\t\t\t\tparallax: {\n\t\t\t\t\t\t\t\t\tlevels:[2,3,4,5,6,7,12,16,10,50,47,48,49,50,51,55],\n\t\t\t\t\t\t\t\t\ttype:\"mouse\",\n\t\t\t\t\t\t\t\t\torigo:\"slidercenter\",\n\t\t\t\t\t\t\t\t\tspeed:2000\n\t\t\t\t\t\t\t\t},\n\t\t\t\t\t\t\t\tfallbacks: {\n\t\t\t\t\t\t\t\t\tallowHTML5AutoPlayOnAndroid:true\n\t\t\t\t\t\t\t\t},\n\t\t\t\t\t\t\t});\n\t\t\t\t\t\t}\n\t\t\t\t\t\t\n\t\t\t\t\t});\n\t\t\t\t<\/script>\n\t\t\t\t<script>\n\t\t\t\t\tvar htmlDivCss = unescape(\"%23rev_slider_4_1_wrapper%20.hesperiden.tparrows%20%7B%0A%09cursor%3Apointer%3B%0A%09background%3Argba%280%2C0%2C0%2C0.5%29%3B%0A%09width%3A40px%3B%0A%09height%3A40px%3B%0A%09position%3Aabsolute%3B%0A%09display%3Ablock%3B%0A%09z-index%3A1000%3B%0A%20%20%20%20border-radius%3A%2050%25%3B%0A%7D%0A%23rev_slider_4_1_wrapper%20.hesperiden.tparrows%3Ahover%20%7B%0A%09background%3A%23000000%3B%0A%7D%0A%23rev_slider_4_1_wrapper%20.hesperiden.tparrows%3Abefore%20%7B%0A%09font-family%3A%20%27revicons%27%3B%0A%09font-size%3A20px%3B%0A%09color%3A%23ffffff%3B%0A%09display%3Ablock%3B%0A%09line-height%3A%2040px%3B%0A%09text-align%3A%20center%3B%0A%7D%0A%23rev_slider_4_1_wrapper%20.hesperiden.tparrows.tp-leftarrow%3Abefore%20%7B%0A%09content%3A%20%27%5Ce82c%27%3B%0A%20%20%20%20margin-left%3A-3px%3B%0A%7D%0A%23rev_slider_4_1_wrapper%20.hesperiden.tparrows.tp-rightarrow%3Abefore%20%7B%0A%09content%3A%20%27%5Ce82d%27%3B%0A%20%20%20%20margin-right%3A-3px%3B%0A%7D%0A\");\n\t\t\t\t\tvar htmlDiv = document.getElementById('rs-plugin-settings-inline-css');\n\t\t\t\t\tif(htmlDiv) {\n\t\t\t\t\t\thtmlDiv.innerHTML = htmlDiv.innerHTML + htmlDivCss;\n\t\t\t\t\t}else{\n\t\t\t\t\t\tvar htmlDiv = document.createElement('div');\n\t\t\t\t\t\thtmlDiv.innerHTML = '<style>' + htmlDivCss + '<\/style>';\n\t\t\t\t\t\tdocument.getElementsByTagName('head')[0].appendChild(htmlDiv.childNodes[0]);\n\t\t\t\t\t}\n\t\t\t\t<\/script>\n\t\t\t<\/rs-module-wrap>\n\t\t\t<!-- END REVOLUTION SLIDER -->\n[\/vc_column][\/vc_row][vc_row row_type=\u00bbrow\u00bb use_row_as_full_screen_section=\u00bbno\u00bb type=\u00bbgrid\u00bb text_align=\u00bbleft\u00bb background_animation=\u00bbnone\u00bb padding_top=\u00bb75&#8243; padding_bottom=\u00bb35&#8243; css_animation=\u00bb\u00bb background_color=\u00bb#f5f5f5&#8243; css=\u00bb.vc_custom_1587464625684{background-color: #ffffff !important;}\u00bb][vc_column][vc_column_text]<\/p>\n<h1 style=\"text-align: center;\"><span style=\"color: #e71e06;\">Agregar valor a su producto y su marca utilizando bolsas resellables.<\/span><\/h1>\n<p>[\/vc_column_text][vc_empty_space][vc_separator type=\u00bbnormal\u00bb border_style=\u00bb\u00bb][vc_empty_space][vc_column_text]<\/p>\n<h4 style=\"text-align: center;\">En\u00e9rgico, al aire libre cerca del bolso reconectable<\/h4>\n<p>[\/vc_column_text][vc_empty_space][vc_column_text]<\/p>\n<p style=\"text-align: center;\">Agregar una prueba simple cremalleras refuerza el \u00abcarisma\u00bb del paquete, hemos encontrado que los consumidores son m\u00e1s propensos a elegir paquetes reutilizables que ayudar a sellar el contenido despu\u00e9s de uso, sin importar el precio.<\/p>\n<p style=\"text-align: center;\">Este tipo de paquete te ayudar\u00e1 a surgir incluso en mercados altamente competitivos.<\/p>\n<p style=\"text-align: center;\">Ofrecemos colaboraci\u00f3n y apoyo para desarrollar un empaque flexible, eficiente y econ\u00f3mica.<\/p>\n<p>[\/vc_column_text][vc_empty_space][\/vc_column][\/vc_row][vc_row row_type=\u00bbrow\u00bb use_row_as_full_screen_section=\u00bbno\u00bb type=\u00bbfull_width\u00bb text_align=\u00bbleft\u00bb background_animation=\u00bbnone\u00bb css_animation=\u00bb\u00bb background_color=\u00bb#ffffff\u00bb][vc_column][vc_empty_space css=\u00bb.vc_custom_1573201215276{background-color: #ffffff !important;}\u00bb][\/vc_column][\/vc_row][vc_row row_type=\u00bbrow\u00bb use_row_as_full_screen_section=\u00bbyes\u00bb type=\u00bbfull_width\u00bb text_align=\u00bbleft\u00bb background_animation=\u00bbnone\u00bb padding_top=\u00bb75&#8243; padding_bottom=\u00bb35&#8243; css_animation=\u00bb\u00bb background_color=\u00bb#f5f5f5&#8243;][vc_column][vc_row_inner row_type=\u00bbrow\u00bb type=\u00bbgrid\u00bb use_row_as_full_screen_section_slide=\u00bbno\u00bb text_align=\u00bbleft\u00bb css_animation=\u00bb\u00bb][vc_column_inner][vc_column_text]<\/p>\n<h2><span style=\"color: #e71e06;\">El sistema de resellabilidad<\/span><\/h2>\n<p>[\/vc_column_text][vc_empty_space css=\u00bb.vc_custom_1573200771222{background-color: #f5f5f5 !important;}\u00bb][vc_separator type=\u00bbtransparent\u00bb border_style=\u00bb\u00bb up=\u00bb20&#8243; down=\u00bb0&#8243;][vc_column_text]Este tipo de embalaje le permitir\u00e1 destacarse hasta en mercados extremadamente competitivos. El sistema es adaptable a m\u00e1quinas de envasamiento horizontal, vertical o transversal, nuevas o ya existientes, manteniendo la posibilidad de envasar el producto en bolsas con o sin cierre utilizando la misma m\u00e1quina sin perjudicar la velocidad de producci\u00f3n.<br \/>\nEl perfi l es provisto en bobinas y se aplica en l\u00ednea sobre pel\u00edculas en PE o PP simple, o bien sobre pel\u00edculas combinadas con estrato interno en PE o PP.<br \/>\nLe proporcionamos colaboraci\u00f3n y soporte t\u00e9cnico para desarrollar un envase flexible de forma efi ciente y econ\u00f3mica. Si tiene Usted la necesidad de sondear el mercado con un nuevo producto en un envase resellable podremos realizar un muestrario de bolsas acabadas con o sin relleno.[\/vc_column_text][vc_separator type=\u00bbtransparent\u00bb border_style=\u00bb\u00bb up=\u00bb20&#8243; down=\u00bb0&#8243;]<a href=\"http:\/\/zippygrip.it\/prodotti\/\" target=\"_self\"  class=\"qbutton \" style=\"margin: auto; \">OUR PRODUCT<\/a>[vc_separator type=\u00bbtransparent\u00bb border_style=\u00bb\u00bb up=\u00bb40&#8243; down=\u00bb0&#8243;][\/vc_column_inner][\/vc_row_inner][\/vc_column][\/vc_row][vc_row row_type=\u00bbrow\u00bb use_row_as_full_screen_section=\u00bbno\u00bb type=\u00bbfull_width\u00bb text_align=\u00bbleft\u00bb background_animation=\u00bbnone\u00bb css_animation=\u00bb\u00bb background_color=\u00bb#ffffff\u00bb][vc_column][vc_row_inner row_type=\u00bbrow\u00bb type=\u00bbgrid\u00bb use_row_as_full_screen_section_slide=\u00bbno\u00bb text_align=\u00bbleft\u00bb padding_top=\u00bb95&#8243; css_animation=\u00bb\u00bb][vc_column_inner][vc_separator type=\u00bbtransparent\u00bb border_style=\u00bb\u00bb up=\u00bb10&#8243; down=\u00bb0&#8243;][vc_column_text]<\/p>\n<h2>Follow us<\/h2>\n<p>[\/vc_column_text][\/vc_column_inner][\/vc_row_inner][vc_row_inner row_type=\u00bbrow\u00bb type=\u00bbgrid\u00bb use_row_as_full_screen_section_slide=\u00bbno\u00bb text_align=\u00bbleft\u00bb padding_top=\u00bb85&#8243; padding_bottom=\u00bb45&#8243; css_animation=\u00bb\u00bb][vc_column_inner width=\u00bb1\/4&#8243;]<div class='q_icon_with_title  circle'><div class=\"icon_holder \" style=\" \"><div class=\"icon_holder_inner\"><span class=\"q_font_elegant_holder circle  custom-font\" style=\"font-size: 25px;\"><span class=\"icon_text_icon q_font_elegant_icon social_facebook\" aria-hidden=\"true\" style=\"font-size: 25px;\"><\/span><\/span><\/div><\/div><div class=\"icon_text_holder\" style=\"padding-left: 86px\"><div class=\"icon_text_inner\" style=\"\"><h4 class=\"icon_title\" style=\"\">FACEBOOK<\/h4><p style=''>Keep in touch<\/p><a class='icon_with_title_link' href='https:\/\/www.facebook.com\/Minigrip.Grip.pak' target='_blank' style=''>go to profile<\/a><\/div><\/div><\/div>[vc_separator type=\u00bbtransparent\u00bb border_style=\u00bb\u00bb up=\u00bb30&#8243; down=\u00bb0&#8243;][\/vc_column_inner][vc_column_inner width=\u00bb1\/4&#8243;]<div class='q_icon_with_title  circle'><div class=\"icon_holder \" style=\" \"><div class=\"icon_holder_inner\"><span class=\"q_font_elegant_holder circle  custom-font\" style=\"font-size: 25px;\"><span class=\"icon_text_icon q_font_elegant_icon social_linkedin\" aria-hidden=\"true\" style=\"font-size: 25px;\"><\/span><\/span><\/div><\/div><div class=\"icon_text_holder\" style=\"padding-left: 86px\"><div class=\"icon_text_inner\" style=\"\"><h4 class=\"icon_title\" style=\"\">LINKEDIN<\/h4><p style=''>Follow us and stay with us<\/p><a class='icon_with_title_link' href='https:\/\/it.linkedin.com\/company\/minigrip-grip-pak-srl' target='_blank' style=''>go to profile<\/a><\/div><\/div><\/div>[vc_separator type=\u00bbtransparent\u00bb border_style=\u00bb\u00bb up=\u00bb30&#8243; down=\u00bb0&#8243;][\/vc_column_inner][vc_column_inner width=\u00bb1\/4&#8243;]<div class='q_icon_with_title  circle'><div class=\"icon_holder \" style=\" \"><div class=\"icon_holder_inner\"><span class=\"q_font_elegant_holder circle  custom-font\" style=\"font-size: 25px;\"><span class=\"icon_text_icon q_font_elegant_icon social_instagram\" aria-hidden=\"true\" style=\"font-size: 25px;\"><\/span><\/span><\/div><\/div><div class=\"icon_text_holder\" style=\"padding-left: 86px\"><div class=\"icon_text_inner\" style=\"\"><h4 class=\"icon_title\" style=\"\">INSTAGRAM<\/h4><p style=''>Get to know our products<\/p><a class='icon_with_title_link' href='https:\/\/www.instagram.com\/minigrip_italia\/' target='_blank' style=''>go to profile<\/a><\/div><\/div><\/div>[vc_separator type=\u00bbtransparent\u00bb border_style=\u00bb\u00bb up=\u00bb30&#8243; down=\u00bb0&#8243;][\/vc_column_inner][vc_column_inner width=\u00bb1\/4&#8243;]<div class='q_icon_with_title  circle'><div class=\"icon_holder \" style=\" \"><div class=\"icon_holder_inner\"><span class=\"q_font_elegant_holder circle  custom-font\" style=\"font-size: 25px;\"><span class=\"icon_text_icon q_font_elegant_icon social_youtube\" aria-hidden=\"true\" style=\"font-size: 25px;\"><\/span><\/span><\/div><\/div><div class=\"icon_text_holder\" style=\"padding-left: 86px\"><div class=\"icon_text_inner\" style=\"\"><h4 class=\"icon_title\" style=\"\">YOUTUBE<\/h4><p style=''>our latest projects<\/p><a class='icon_with_title_link' href='https:\/\/www.youtube.com\/channel\/UCstE7PVwb3Vqdob1WJ28ndA' target='_blank' style=''>go to profile<\/a><\/div><\/div><\/div>[vc_separator type=\u00bbtransparent\u00bb border_style=\u00bb\u00bb up=\u00bb30&#8243; down=\u00bb0&#8243;][\/vc_column_inner][\/vc_row_inner][\/vc_column][\/vc_row]<\/p>\n<\/div>","protected":false},"excerpt":{"rendered":"<p>[vc_row row_type=\u00bbrow\u00bb use_row_as_full_screen_section=\u00bbno\u00bb type=\u00bbfull_width\u00bb text_align=\u00bbleft\u00bb background_animation=\u00bbnone\u00bb css_animation=\u00bb\u00bb][vc_column offset=\u00bbvc_hidden-sm vc_hidden-xs\u00bb][\/vc_column][\/vc_row][vc_row row_type=\u00bbrow\u00bb use_row_as_full_screen_section=\u00bbno\u00bb type=\u00bbgrid\u00bb text_align=\u00bbleft\u00bb background_animation=\u00bbnone\u00bb padding_top=\u00bb75&#8243; padding_bottom=\u00bb35&#8243; css_animation=\u00bb\u00bb background_color=\u00bb#f5f5f5&#8243; css=\u00bb.vc_custom_1587464625684{background-color: #ffffff !important;}\u00bb][vc_column][vc_column_text] Agregar valor a su producto y su marca utilizando bolsas resellables. [\/vc_column_text][vc_empty_space][vc_separator type=\u00bbnormal\u00bb border_style=\u00bb\u00bb][vc_empty_space][vc_column_text] En\u00e9rgico, al aire libre cerca del bolso reconectable [\/vc_column_text][vc_empty_space][vc_column_text] Agregar&#8230;<\/p>\n","protected":false},"author":1,"featured_media":0,"parent":0,"menu_order":0,"comment_status":"open","ping_status":"closed","template":"full_width.php","meta":{"footnotes":""},"class_list":["post-23322","page","type-page","status-publish","hentry"],"yoast_head":"<!-- This site is optimized with the Yoast SEO plugin v21.8 - https:\/\/yoast.com\/wordpress\/plugins\/seo\/ -->\n<title>Zippy\u00ae Minigrip\u00ae - Zippy di Minigrip<\/title>\n<meta name=\"robots\" content=\"index, follow, max-snippet:-1, max-image-preview:large, max-video-preview:-1\" \/>\n<link rel=\"canonical\" href=\"https:\/\/zippygrip.it\/es\/\" \/>\n<meta property=\"og:locale\" content=\"es_ES\" \/>\n<meta property=\"og:type\" content=\"article\" \/>\n<meta property=\"og:title\" content=\"Zippy\u00ae Minigrip\u00ae - Zippy di Minigrip\" \/>\n<meta property=\"og:description\" content=\"[vc_row row_type=\u00bbrow\u00bb use_row_as_full_screen_section=\u00bbno\u00bb type=\u00bbfull_width\u00bb text_align=\u00bbleft\u00bb background_animation=\u00bbnone\u00bb css_animation=\u00bb\u00bb][vc_column offset=\u00bbvc_hidden-sm vc_hidden-xs\u00bb][\/vc_column][\/vc_row][vc_row row_type=\u00bbrow\u00bb use_row_as_full_screen_section=\u00bbno\u00bb type=\u00bbgrid\u00bb text_align=\u00bbleft\u00bb background_animation=\u00bbnone\u00bb padding_top=\u00bb75&#8243; padding_bottom=\u00bb35&#8243; css_animation=\u00bb\u00bb background_color=\u00bb#f5f5f5&#8243; css=\u00bb.vc_custom_1587464625684{background-color: #ffffff !important;}\u00bb][vc_column][vc_column_text] Agregar valor a su producto y su marca utilizando bolsas resellables. [\/vc_column_text][vc_empty_space][vc_separator type=\u00bbnormal\u00bb border_style=\u00bb\u00bb][vc_empty_space][vc_column_text] En\u00e9rgico, al aire libre cerca del bolso reconectable [\/vc_column_text][vc_empty_space][vc_column_text] Agregar...\" \/>\n<meta property=\"og:url\" content=\"https:\/\/zippygrip.it\/es\/\" \/>\n<meta property=\"og:site_name\" content=\"Zippy di Minigrip\" \/>\n<meta property=\"article:modified_time\" content=\"2022-06-30T14:46:24+00:00\" \/>\n<meta name=\"twitter:card\" content=\"summary_large_image\" \/>\n<meta name=\"twitter:label1\" content=\"Tiempo de lectura\" \/>\n\t<meta name=\"twitter:data1\" content=\"4 minutos\" \/>\n<!-- \/ Yoast SEO plugin. -->","yoast_head_json":{"title":"Zippy\u00ae Minigrip\u00ae - Zippy di Minigrip","robots":{"index":"index","follow":"follow","max-snippet":"max-snippet:-1","max-image-preview":"max-image-preview:large","max-video-preview":"max-video-preview:-1"},"canonical":"https:\/\/zippygrip.it\/es\/","og_locale":"es_ES","og_type":"article","og_title":"Zippy\u00ae Minigrip\u00ae - Zippy di Minigrip","og_description":"[vc_row row_type=\u00bbrow\u00bb use_row_as_full_screen_section=\u00bbno\u00bb type=\u00bbfull_width\u00bb text_align=\u00bbleft\u00bb background_animation=\u00bbnone\u00bb css_animation=\u00bb\u00bb][vc_column offset=\u00bbvc_hidden-sm vc_hidden-xs\u00bb][\/vc_column][\/vc_row][vc_row row_type=\u00bbrow\u00bb use_row_as_full_screen_section=\u00bbno\u00bb type=\u00bbgrid\u00bb text_align=\u00bbleft\u00bb background_animation=\u00bbnone\u00bb padding_top=\u00bb75&#8243; padding_bottom=\u00bb35&#8243; css_animation=\u00bb\u00bb background_color=\u00bb#f5f5f5&#8243; css=\u00bb.vc_custom_1587464625684{background-color: #ffffff !important;}\u00bb][vc_column][vc_column_text] Agregar valor a su producto y su marca utilizando bolsas resellables. [\/vc_column_text][vc_empty_space][vc_separator type=\u00bbnormal\u00bb border_style=\u00bb\u00bb][vc_empty_space][vc_column_text] En\u00e9rgico, al aire libre cerca del bolso reconectable [\/vc_column_text][vc_empty_space][vc_column_text] Agregar...","og_url":"https:\/\/zippygrip.it\/es\/","og_site_name":"Zippy di Minigrip","article_modified_time":"2022-06-30T14:46:24+00:00","twitter_card":"summary_large_image","twitter_misc":{"Tiempo de lectura":"4 minutos"},"schema":{"@context":"https:\/\/schema.org","@graph":[{"@type":"WebPage","@id":"https:\/\/zippygrip.it\/es\/","url":"https:\/\/zippygrip.it\/es\/","name":"Zippy\u00ae Minigrip\u00ae - Zippy di Minigrip","isPartOf":{"@id":"https:\/\/zippygrip.it\/#website"},"datePublished":"2022-03-03T16:45:42+00:00","dateModified":"2022-06-30T14:46:24+00:00","breadcrumb":{"@id":"https:\/\/zippygrip.it\/es\/#breadcrumb"},"inLanguage":"es","potentialAction":[{"@type":"ReadAction","target":["https:\/\/zippygrip.it\/es\/"]}]},{"@type":"BreadcrumbList","@id":"https:\/\/zippygrip.it\/es\/#breadcrumb","itemListElement":[{"@type":"ListItem","position":1,"name":"Home","item":"https:\/\/zippygrip.it\/es\/"},{"@type":"ListItem","position":2,"name":"Zippy\u00ae Minigrip\u00ae"}]},{"@type":"WebSite","@id":"https:\/\/zippygrip.it\/#website","url":"https:\/\/zippygrip.it\/","name":"Zippy di Minigrip","description":"Doipack - packaging stand-up","publisher":{"@id":"https:\/\/zippygrip.it\/#organization"},"potentialAction":[{"@type":"SearchAction","target":{"@type":"EntryPoint","urlTemplate":"https:\/\/zippygrip.it\/?s={search_term_string}"},"query-input":"required name=search_term_string"}],"inLanguage":"es"},{"@type":"Organization","@id":"https:\/\/zippygrip.it\/#organization","name":"Minigrip\u00ae Grip-pak\u00ae","url":"https:\/\/zippygrip.it\/","logo":{"@type":"ImageObject","inLanguage":"es","@id":"https:\/\/zippygrip.it\/#\/schema\/logo\/image\/","url":"https:\/\/zippygrip.it\/wp-content\/uploads\/2019\/11\/StandUp-logo.png","contentUrl":"https:\/\/zippygrip.it\/wp-content\/uploads\/2019\/11\/StandUp-logo.png","width":350,"height":165,"caption":"Minigrip\u00ae Grip-pak\u00ae"},"image":{"@id":"https:\/\/zippygrip.it\/#\/schema\/logo\/image\/"}}]}},"_links":{"self":[{"href":"https:\/\/zippygrip.it\/es\/wp-json\/wp\/v2\/pages\/23322","targetHints":{"allow":["GET"]}}],"collection":[{"href":"https:\/\/zippygrip.it\/es\/wp-json\/wp\/v2\/pages"}],"about":[{"href":"https:\/\/zippygrip.it\/es\/wp-json\/wp\/v2\/types\/page"}],"author":[{"embeddable":true,"href":"https:\/\/zippygrip.it\/es\/wp-json\/wp\/v2\/users\/1"}],"replies":[{"embeddable":true,"href":"https:\/\/zippygrip.it\/es\/wp-json\/wp\/v2\/comments?post=23322"}],"version-history":[{"count":3,"href":"https:\/\/zippygrip.it\/es\/wp-json\/wp\/v2\/pages\/23322\/revisions"}],"predecessor-version":[{"id":23341,"href":"https:\/\/zippygrip.it\/es\/wp-json\/wp\/v2\/pages\/23322\/revisions\/23341"}],"wp:attachment":[{"href":"https:\/\/zippygrip.it\/es\/wp-json\/wp\/v2\/media?parent=23322"}],"curies":[{"name":"wp","href":"https:\/\/api.w.org\/{rel}","templated":true}]}}