{"id":23309,"date":"2022-03-03T17:24:51","date_gmt":"2022-03-03T16:24:51","guid":{"rendered":"https:\/\/zippygrip.it\/?page_id=23309"},"modified":"2022-03-03T17:25:31","modified_gmt":"2022-03-03T16:25:31","slug":"productos","status":"publish","type":"page","link":"https:\/\/zippygrip.it\/es\/productos\/","title":{"rendered":"Productos"},"content":{"rendered":"<div class=\"wpb-content-wrapper\"><p>[vc_row row_type=\u00bbrow\u00bb use_row_as_full_screen_section=\u00bbno\u00bb type=\u00bbgrid\u00bb text_align=\u00bbleft\u00bb background_animation=\u00bbnone\u00bb padding_bottom=\u00bb45&#8243; css_animation=\u00bb\u00bb][vc_column][vc_empty_space height=\u00bb50px\u00bb][vc_column_text]<\/p>\n<h2>Transforme un emballage souple en emballage refermable avec le syst\u00e8me OPEN-CLOSE<\/h2>\n<p>[\/vc_column_text][vc_empty_space height=\u00bb20px\u00bb][vc_column_text]<\/p>\n<article class=\"article\">\n<div class=\"wpb_text_column wpb_content_element \">\n<div class=\"wpb_wrapper\">\n<p><strong>Ajoutez une fermeture \u00e0 vos sachets, vous renforcerez la visibilit\u00e9 et apporterez une valeur ajout\u00e9e \u00e0 vos produits!<\/strong><\/p>\n<p>La simple ajoute d&#8217;un zip renforce l&#8217;attractivit\u00e9 de l&#8217;emballage. En fait, nous avons constat\u00e9 que les consommateurs choisissent plus souvent des emballages refermables qui permettent de sceller le contenu apr\u00e8s l\u2019usage.<\/p>\n<p>Le syst\u00e8me est adaptable \u00e0 des machines de conditionnement, sans affecter la vitesse de production. Le profil de fermeture peut etre soud\u00e9 sur tout type de materiaux dont la couche interne est en PE ou PP.<\/p>\n<\/div>\n<\/div>\n<\/article>\n<p>[\/vc_column_text][vc_empty_space height=\u00bb10px\u00bb][\/vc_column][\/vc_row][vc_row row_type=\u00bbrow\u00bb use_row_as_full_screen_section=\u00bbno\u00bb type=\u00bbgrid\u00bb text_align=\u00bbleft\u00bb background_animation=\u00bbnone\u00bb padding_bottom=\u00bb45&#8243; css_animation=\u00bb\u00bb][vc_column width=\u00bb1\/4&#8243;][vc_single_image image=\u00bb23144&#8243; img_size=\u00bbfull\u00bb qode_css_animation=\u00bb\u00bb css=\u00bb.vc_custom_1587477264941{padding-bottom: 16px !important;}\u00bb][\/vc_column][vc_column width=\u00bb3\/4&#8243;][vc_column_text]<strong>A\u00f1ada valor a su producto y a su marca utilizando bolsas resellables!<\/strong>[\/vc_column_text][vc_separator type=\u00bbtransparent\u00bb border_style=\u00bb\u00bb up=\u00bb20&#8243; down=\u00bb0&#8243; icon_pack=\u00bbfont_awesome\u00bb][vc_column_text]<\/p>\n<article class=\"article\">\n<div class=\"post-entry bottom40\">\n<div class=\"one_half last\">\n<ul>\n<li>Zippy\u00ae 25 mm<\/li>\n<li>Zippy\u00ae 17,5 mm<\/li>\n<li>Zippy\u00ae 13 mm<\/li>\n<li>Zippy\u00ae 12 mm<\/li>\n<li>Zippy\u00ae 10 mm<\/li>\n<li>Zippy\u00ae STRING 3,7 mm<\/li>\n<li>Zippy\u00ae PP 14 mm<\/li>\n<\/ul>\n<\/div>\n<\/div>\n<\/article>\n<p>[\/vc_column_text][\/vc_column][\/vc_row][vc_row row_type=\u00bbrow\u00bb use_row_as_full_screen_section=\u00bbno\u00bb type=\u00bbgrid\u00bb text_align=\u00bbleft\u00bb background_animation=\u00bbnone\u00bb padding_bottom=\u00bb45&#8243; css_animation=\u00bb\u00bb][vc_column][vc_column_text]<\/p>\n<article class=\"article\">Si vous voulez tester le march\u00e9 avec votre produit conditionn\u00e9 dans un emballage flexible refermable, nous pouvons produire des sachets sur demande.<\/article>\n<p>[\/vc_column_text][\/vc_column][\/vc_row]<\/p>\n<\/div>","protected":false},"excerpt":{"rendered":"<p>[vc_row row_type=\u00bbrow\u00bb use_row_as_full_screen_section=\u00bbno\u00bb type=\u00bbgrid\u00bb text_align=\u00bbleft\u00bb background_animation=\u00bbnone\u00bb padding_bottom=\u00bb45&#8243; css_animation=\u00bb\u00bb][vc_column][vc_empty_space height=\u00bb50px\u00bb][vc_column_text] Transforme un emballage souple en emballage refermable avec le syst\u00e8me OPEN-CLOSE [\/vc_column_text][vc_empty_space height=\u00bb20px\u00bb][vc_column_text] Ajoutez une fermeture \u00e0 vos sachets, vous renforcerez la visibilit\u00e9 et apporterez une valeur ajout\u00e9e \u00e0 vos produits! La simple ajoute d&#8217;un zip&#8230;<\/p>\n","protected":false},"author":1,"featured_media":0,"parent":0,"menu_order":0,"comment_status":"open","ping_status":"open","template":"full_width.php","meta":{"footnotes":""},"class_list":["post-23309","page","type-page","status-publish","hentry"],"yoast_head":"<!-- This site is optimized with the Yoast SEO plugin v21.8 - https:\/\/yoast.com\/wordpress\/plugins\/seo\/ -->\n<title>Productos - Zippy di Minigrip<\/title>\n<meta name=\"robots\" content=\"index, follow, max-snippet:-1, max-image-preview:large, max-video-preview:-1\" \/>\n<link rel=\"canonical\" href=\"https:\/\/zippygrip.it\/es\/productos\/\" \/>\n<meta property=\"og:locale\" content=\"es_ES\" \/>\n<meta property=\"og:type\" content=\"article\" \/>\n<meta property=\"og:title\" content=\"Productos - Zippy di Minigrip\" \/>\n<meta property=\"og:description\" content=\"[vc_row row_type=\u00bbrow\u00bb use_row_as_full_screen_section=\u00bbno\u00bb type=\u00bbgrid\u00bb text_align=\u00bbleft\u00bb background_animation=\u00bbnone\u00bb padding_bottom=\u00bb45&#8243; css_animation=\u00bb\u00bb][vc_column][vc_empty_space height=\u00bb50px\u00bb][vc_column_text] Transforme un emballage souple en emballage refermable avec le syst\u00e8me OPEN-CLOSE [\/vc_column_text][vc_empty_space height=\u00bb20px\u00bb][vc_column_text] Ajoutez une fermeture \u00e0 vos sachets, vous renforcerez la visibilit\u00e9 et apporterez une valeur ajout\u00e9e \u00e0 vos produits! La simple ajoute d&#8217;un zip...\" \/>\n<meta property=\"og:url\" content=\"https:\/\/zippygrip.it\/es\/productos\/\" \/>\n<meta property=\"og:site_name\" content=\"Zippy di Minigrip\" \/>\n<meta property=\"article:modified_time\" content=\"2022-03-03T16:25:31+00:00\" \/>\n<meta name=\"twitter:card\" content=\"summary_large_image\" \/>\n<meta name=\"twitter:label1\" content=\"Tiempo de lectura\" \/>\n\t<meta name=\"twitter:data1\" content=\"2 minutos\" \/>\n<!-- \/ Yoast SEO plugin. -->","yoast_head_json":{"title":"Productos - Zippy di Minigrip","robots":{"index":"index","follow":"follow","max-snippet":"max-snippet:-1","max-image-preview":"max-image-preview:large","max-video-preview":"max-video-preview:-1"},"canonical":"https:\/\/zippygrip.it\/es\/productos\/","og_locale":"es_ES","og_type":"article","og_title":"Productos - Zippy di Minigrip","og_description":"[vc_row row_type=\u00bbrow\u00bb use_row_as_full_screen_section=\u00bbno\u00bb type=\u00bbgrid\u00bb text_align=\u00bbleft\u00bb background_animation=\u00bbnone\u00bb padding_bottom=\u00bb45&#8243; css_animation=\u00bb\u00bb][vc_column][vc_empty_space height=\u00bb50px\u00bb][vc_column_text] Transforme un emballage souple en emballage refermable avec le syst\u00e8me OPEN-CLOSE [\/vc_column_text][vc_empty_space height=\u00bb20px\u00bb][vc_column_text] Ajoutez une fermeture \u00e0 vos sachets, vous renforcerez la visibilit\u00e9 et apporterez une valeur ajout\u00e9e \u00e0 vos produits! La simple ajoute d&#8217;un zip...","og_url":"https:\/\/zippygrip.it\/es\/productos\/","og_site_name":"Zippy di Minigrip","article_modified_time":"2022-03-03T16:25:31+00:00","twitter_card":"summary_large_image","twitter_misc":{"Tiempo de lectura":"2 minutos"},"schema":{"@context":"https:\/\/schema.org","@graph":[{"@type":"WebPage","@id":"https:\/\/zippygrip.it\/es\/productos\/","url":"https:\/\/zippygrip.it\/es\/productos\/","name":"Productos - Zippy di Minigrip","isPartOf":{"@id":"https:\/\/zippygrip.it\/#website"},"datePublished":"2022-03-03T16:24:51+00:00","dateModified":"2022-03-03T16:25:31+00:00","breadcrumb":{"@id":"https:\/\/zippygrip.it\/es\/productos\/#breadcrumb"},"inLanguage":"es","potentialAction":[{"@type":"ReadAction","target":["https:\/\/zippygrip.it\/es\/productos\/"]}]},{"@type":"BreadcrumbList","@id":"https:\/\/zippygrip.it\/es\/productos\/#breadcrumb","itemListElement":[{"@type":"ListItem","position":1,"name":"Home","item":"https:\/\/zippygrip.it\/es\/"},{"@type":"ListItem","position":2,"name":"Productos"}]},{"@type":"WebSite","@id":"https:\/\/zippygrip.it\/#website","url":"https:\/\/zippygrip.it\/","name":"Zippy di Minigrip","description":"Doipack - packaging stand-up","publisher":{"@id":"https:\/\/zippygrip.it\/#organization"},"potentialAction":[{"@type":"SearchAction","target":{"@type":"EntryPoint","urlTemplate":"https:\/\/zippygrip.it\/?s={search_term_string}"},"query-input":"required name=search_term_string"}],"inLanguage":"es"},{"@type":"Organization","@id":"https:\/\/zippygrip.it\/#organization","name":"Minigrip\u00ae Grip-pak\u00ae","url":"https:\/\/zippygrip.it\/","logo":{"@type":"ImageObject","inLanguage":"es","@id":"https:\/\/zippygrip.it\/#\/schema\/logo\/image\/","url":"https:\/\/zippygrip.it\/wp-content\/uploads\/2019\/11\/StandUp-logo.png","contentUrl":"https:\/\/zippygrip.it\/wp-content\/uploads\/2019\/11\/StandUp-logo.png","width":350,"height":165,"caption":"Minigrip\u00ae Grip-pak\u00ae"},"image":{"@id":"https:\/\/zippygrip.it\/#\/schema\/logo\/image\/"}}]}},"_links":{"self":[{"href":"https:\/\/zippygrip.it\/es\/wp-json\/wp\/v2\/pages\/23309","targetHints":{"allow":["GET"]}}],"collection":[{"href":"https:\/\/zippygrip.it\/es\/wp-json\/wp\/v2\/pages"}],"about":[{"href":"https:\/\/zippygrip.it\/es\/wp-json\/wp\/v2\/types\/page"}],"author":[{"embeddable":true,"href":"https:\/\/zippygrip.it\/es\/wp-json\/wp\/v2\/users\/1"}],"replies":[{"embeddable":true,"href":"https:\/\/zippygrip.it\/es\/wp-json\/wp\/v2\/comments?post=23309"}],"version-history":[{"count":3,"href":"https:\/\/zippygrip.it\/es\/wp-json\/wp\/v2\/pages\/23309\/revisions"}],"predecessor-version":[{"id":23312,"href":"https:\/\/zippygrip.it\/es\/wp-json\/wp\/v2\/pages\/23309\/revisions\/23312"}],"wp:attachment":[{"href":"https:\/\/zippygrip.it\/es\/wp-json\/wp\/v2\/media?parent=23309"}],"curies":[{"name":"wp","href":"https:\/\/api.w.org\/{rel}","templated":true}]}}