{"id":23293,"date":"2022-03-03T16:19:27","date_gmt":"2022-03-03T15:19:27","guid":{"rendered":"https:\/\/zippygrip.it\/?page_id=23293"},"modified":"2022-03-03T16:19:27","modified_gmt":"2022-03-03T15:19:27","slug":"sectores","status":"publish","type":"page","link":"https:\/\/zippygrip.it\/es\/sectores\/","title":{"rendered":"Sectores"},"content":{"rendered":"<div class=\"wpb-content-wrapper\"><p>[vc_row row_type=\u00bbrow\u00bb use_row_as_full_screen_section=\u00bbno\u00bb type=\u00bbfull_width\u00bb text_align=\u00bbleft\u00bb background_animation=\u00bbnone\u00bb css_animation=\u00bb\u00bb][vc_column][vc_empty_space height=\u00bb50px\u00bb][\/vc_column][\/vc_row][vc_row row_type=\u00bbrow\u00bb use_row_as_full_screen_section=\u00bbno\u00bb type=\u00bbgrid\u00bb text_align=\u00bbleft\u00bb background_animation=\u00bbnone\u00bb padding_bottom=\u00bb45&#8243; css_animation=\u00bb\u00bb][vc_column width=\u00bb1\/2&#8243;][vc_column_text]<strong>El reclosability es ampliamente utilizado:<\/strong>[\/vc_column_text][vc_separator type=\u00bbtransparent\u00bb border_style=\u00bb\u00bb up=\u00bb20&#8243; down=\u00bb0&#8243; icon_pack=\u00bbfont_awesome\u00bb][vc_column_text]<\/p>\n<ul>\n<li>en la industria alimentaria:<br \/>\n&#8211; quesos (queso rallado, astillas, picado en cuadritos)<br \/>\n&#8211; los piensos para animales de compa\u00f1\u00eda<br \/>\n&#8211; productos congelados<br \/>\n&#8211; productos de confiter\u00eda<br \/>\n&#8211; caf\u00e9<br \/>\n&#8211; frutos secos<\/li>\n<li>en la industria farmac\u00e9utica, cosm\u00e9tica<\/li>\n<li>para el envasado de productos industriales<\/li>\n<li>productos para bricolaje, herramientas, hardware<\/li>\n<\/ul>\n<p>[\/vc_column_text][\/vc_column][vc_column width=\u00bb1\/2&#8243;][vc_column_text]<strong>Ventajas para el fabricante<\/strong>[\/vc_column_text][vc_separator type=\u00bbtransparent\u00bb border_style=\u00bb\u00bb up=\u00bb20&#8243; down=\u00bb0&#8243; icon_pack=\u00bbfont_awesome\u00bb][vc_column_text]<\/p>\n<ul>\n<li>productos envasados \u200b\u200bconservan las caracter\u00edsticas organol\u00e9pticas<\/li>\n<li>es un servicio que da un valor a\u00f1adido al producto y la marca<\/li>\n<li>aumenta su cuota de mercado incluso sin publicidad<\/li>\n<li>un paquete que le anima a comprar: el cliente decide por el 65% en puntos de venta lo compro, el cerrables responde a los deseos del consumidor:<br \/>\n&#8211; preserva la frescura<br \/>\n&#8211; mantiene los aromas<br \/>\n&#8211; pr\u00e1ctico, f\u00e1cil de abrir y cerrar<br \/>\n&#8211; no requieren el uso de tijeras o instrumentos afilados<\/li>\n<\/ul>\n<p>[\/vc_column_text][\/vc_column][\/vc_row][vc_row row_type=\u00bbrow\u00bb use_row_as_full_screen_section=\u00bbno\u00bb type=\u00bbgrid\u00bb text_align=\u00bbleft\u00bb background_animation=\u00bbnone\u00bb css_animation=\u00bb\u00bb][vc_column][vc_column_text]<strong>Embalaje funcional que tendr\u00e1 una opini\u00f3n positiva por parte del usuario final y ser\u00e1 disfrutado por grandes minoristas que reservan cada vez m\u00e1s espacio para bolsa de envases flexibles.<\/strong>[\/vc_column_text][vc_empty_space height=\u00bb50px\u00bb][vc_gallery type=\u00bbimage_grid\u00bb images=\u00bb23127,23176,23168,23184,23197&#8243; column_number=\u00bb5&#8243; grayscale=\u00bbno\u00bb space_between_images=\u00bbno\u00bb][vc_empty_space height=\u00bb50px\u00bb][\/vc_column][\/vc_row]<\/p>\n<\/div>","protected":false},"excerpt":{"rendered":"<p>[vc_row row_type=\u00bbrow\u00bb use_row_as_full_screen_section=\u00bbno\u00bb type=\u00bbfull_width\u00bb text_align=\u00bbleft\u00bb background_animation=\u00bbnone\u00bb css_animation=\u00bb\u00bb][vc_column][vc_empty_space height=\u00bb50px\u00bb][\/vc_column][\/vc_row][vc_row row_type=\u00bbrow\u00bb use_row_as_full_screen_section=\u00bbno\u00bb type=\u00bbgrid\u00bb text_align=\u00bbleft\u00bb background_animation=\u00bbnone\u00bb padding_bottom=\u00bb45&#8243; css_animation=\u00bb\u00bb][vc_column width=\u00bb1\/2&#8243;][vc_column_text]El reclosability es ampliamente utilizado:[\/vc_column_text][vc_separator type=\u00bbtransparent\u00bb border_style=\u00bb\u00bb up=\u00bb20&#8243; down=\u00bb0&#8243; icon_pack=\u00bbfont_awesome\u00bb][vc_column_text] en la industria alimentaria: &#8211; quesos (queso rallado, astillas, picado en cuadritos) &#8211; los piensos para animales de compa\u00f1\u00eda &#8211;&#8230;<\/p>\n","protected":false},"author":1,"featured_media":0,"parent":0,"menu_order":0,"comment_status":"open","ping_status":"open","template":"full_width.php","meta":{"footnotes":""},"class_list":["post-23293","page","type-page","status-publish","hentry"],"yoast_head":"<!-- This site is optimized with the Yoast SEO plugin v21.8 - https:\/\/yoast.com\/wordpress\/plugins\/seo\/ -->\n<title>Sectores - Zippy di Minigrip<\/title>\n<meta name=\"robots\" content=\"index, follow, max-snippet:-1, max-image-preview:large, max-video-preview:-1\" \/>\n<link rel=\"canonical\" href=\"https:\/\/zippygrip.it\/es\/sectores\/\" \/>\n<meta property=\"og:locale\" content=\"es_ES\" \/>\n<meta property=\"og:type\" content=\"article\" \/>\n<meta property=\"og:title\" content=\"Sectores - Zippy di Minigrip\" \/>\n<meta property=\"og:description\" content=\"[vc_row row_type=\u00bbrow\u00bb use_row_as_full_screen_section=\u00bbno\u00bb type=\u00bbfull_width\u00bb text_align=\u00bbleft\u00bb background_animation=\u00bbnone\u00bb css_animation=\u00bb\u00bb][vc_column][vc_empty_space height=\u00bb50px\u00bb][\/vc_column][\/vc_row][vc_row row_type=\u00bbrow\u00bb use_row_as_full_screen_section=\u00bbno\u00bb type=\u00bbgrid\u00bb text_align=\u00bbleft\u00bb background_animation=\u00bbnone\u00bb padding_bottom=\u00bb45&#8243; css_animation=\u00bb\u00bb][vc_column width=\u00bb1\/2&#8243;][vc_column_text]El reclosability es ampliamente utilizado:[\/vc_column_text][vc_separator type=\u00bbtransparent\u00bb border_style=\u00bb\u00bb up=\u00bb20&#8243; down=\u00bb0&#8243; icon_pack=\u00bbfont_awesome\u00bb][vc_column_text] en la industria alimentaria: &#8211; quesos (queso rallado, astillas, picado en cuadritos) &#8211; los piensos para animales de compa\u00f1\u00eda &#8211;...\" \/>\n<meta property=\"og:url\" content=\"https:\/\/zippygrip.it\/es\/sectores\/\" \/>\n<meta property=\"og:site_name\" content=\"Zippy di Minigrip\" \/>\n<meta name=\"twitter:card\" content=\"summary_large_image\" \/>\n<meta name=\"twitter:label1\" content=\"Tiempo de lectura\" \/>\n\t<meta name=\"twitter:data1\" content=\"2 minutos\" \/>\n<!-- \/ Yoast SEO plugin. -->","yoast_head_json":{"title":"Sectores - Zippy di Minigrip","robots":{"index":"index","follow":"follow","max-snippet":"max-snippet:-1","max-image-preview":"max-image-preview:large","max-video-preview":"max-video-preview:-1"},"canonical":"https:\/\/zippygrip.it\/es\/sectores\/","og_locale":"es_ES","og_type":"article","og_title":"Sectores - Zippy di Minigrip","og_description":"[vc_row row_type=\u00bbrow\u00bb use_row_as_full_screen_section=\u00bbno\u00bb type=\u00bbfull_width\u00bb text_align=\u00bbleft\u00bb background_animation=\u00bbnone\u00bb css_animation=\u00bb\u00bb][vc_column][vc_empty_space height=\u00bb50px\u00bb][\/vc_column][\/vc_row][vc_row row_type=\u00bbrow\u00bb use_row_as_full_screen_section=\u00bbno\u00bb type=\u00bbgrid\u00bb text_align=\u00bbleft\u00bb background_animation=\u00bbnone\u00bb padding_bottom=\u00bb45&#8243; css_animation=\u00bb\u00bb][vc_column width=\u00bb1\/2&#8243;][vc_column_text]El reclosability es ampliamente utilizado:[\/vc_column_text][vc_separator type=\u00bbtransparent\u00bb border_style=\u00bb\u00bb up=\u00bb20&#8243; down=\u00bb0&#8243; icon_pack=\u00bbfont_awesome\u00bb][vc_column_text] en la industria alimentaria: &#8211; quesos (queso rallado, astillas, picado en cuadritos) &#8211; los piensos para animales de compa\u00f1\u00eda &#8211;...","og_url":"https:\/\/zippygrip.it\/es\/sectores\/","og_site_name":"Zippy di Minigrip","twitter_card":"summary_large_image","twitter_misc":{"Tiempo de lectura":"2 minutos"},"schema":{"@context":"https:\/\/schema.org","@graph":[{"@type":"WebPage","@id":"https:\/\/zippygrip.it\/es\/sectores\/","url":"https:\/\/zippygrip.it\/es\/sectores\/","name":"Sectores - Zippy di Minigrip","isPartOf":{"@id":"https:\/\/zippygrip.it\/#website"},"datePublished":"2022-03-03T15:19:27+00:00","dateModified":"2022-03-03T15:19:27+00:00","breadcrumb":{"@id":"https:\/\/zippygrip.it\/es\/sectores\/#breadcrumb"},"inLanguage":"es","potentialAction":[{"@type":"ReadAction","target":["https:\/\/zippygrip.it\/es\/sectores\/"]}]},{"@type":"BreadcrumbList","@id":"https:\/\/zippygrip.it\/es\/sectores\/#breadcrumb","itemListElement":[{"@type":"ListItem","position":1,"name":"Home","item":"https:\/\/zippygrip.it\/es\/"},{"@type":"ListItem","position":2,"name":"Sectores"}]},{"@type":"WebSite","@id":"https:\/\/zippygrip.it\/#website","url":"https:\/\/zippygrip.it\/","name":"Zippy di Minigrip","description":"Doipack - packaging stand-up","publisher":{"@id":"https:\/\/zippygrip.it\/#organization"},"potentialAction":[{"@type":"SearchAction","target":{"@type":"EntryPoint","urlTemplate":"https:\/\/zippygrip.it\/?s={search_term_string}"},"query-input":"required name=search_term_string"}],"inLanguage":"es"},{"@type":"Organization","@id":"https:\/\/zippygrip.it\/#organization","name":"Minigrip\u00ae Grip-pak\u00ae","url":"https:\/\/zippygrip.it\/","logo":{"@type":"ImageObject","inLanguage":"es","@id":"https:\/\/zippygrip.it\/#\/schema\/logo\/image\/","url":"https:\/\/zippygrip.it\/wp-content\/uploads\/2019\/11\/StandUp-logo.png","contentUrl":"https:\/\/zippygrip.it\/wp-content\/uploads\/2019\/11\/StandUp-logo.png","width":350,"height":165,"caption":"Minigrip\u00ae Grip-pak\u00ae"},"image":{"@id":"https:\/\/zippygrip.it\/#\/schema\/logo\/image\/"}}]}},"_links":{"self":[{"href":"https:\/\/zippygrip.it\/es\/wp-json\/wp\/v2\/pages\/23293","targetHints":{"allow":["GET"]}}],"collection":[{"href":"https:\/\/zippygrip.it\/es\/wp-json\/wp\/v2\/pages"}],"about":[{"href":"https:\/\/zippygrip.it\/es\/wp-json\/wp\/v2\/types\/page"}],"author":[{"embeddable":true,"href":"https:\/\/zippygrip.it\/es\/wp-json\/wp\/v2\/users\/1"}],"replies":[{"embeddable":true,"href":"https:\/\/zippygrip.it\/es\/wp-json\/wp\/v2\/comments?post=23293"}],"version-history":[{"count":3,"href":"https:\/\/zippygrip.it\/es\/wp-json\/wp\/v2\/pages\/23293\/revisions"}],"predecessor-version":[{"id":23296,"href":"https:\/\/zippygrip.it\/es\/wp-json\/wp\/v2\/pages\/23293\/revisions\/23296"}],"wp:attachment":[{"href":"https:\/\/zippygrip.it\/es\/wp-json\/wp\/v2\/media?parent=23293"}],"curies":[{"name":"wp","href":"https:\/\/api.w.org\/{rel}","templated":true}]}}