{"id":23285,"date":"2022-03-03T16:07:05","date_gmt":"2022-03-03T15:07:05","guid":{"rendered":"https:\/\/zippygrip.it\/?page_id=23285"},"modified":"2022-03-03T16:07:05","modified_gmt":"2022-03-03T15:07:05","slug":"quienes-somos","status":"publish","type":"page","link":"https:\/\/zippygrip.it\/es\/quienes-somos\/","title":{"rendered":"quienes somos"},"content":{"rendered":"<div class=\"wpb-content-wrapper\"><p>[vc_row row_type=\u00bbrow\u00bb use_row_as_full_screen_section=\u00bbno\u00bb type=\u00bbfull_width\u00bb text_align=\u00bbleft\u00bb background_animation=\u00bbnone\u00bb padding_bottom=\u00bb45&#8243; css_animation=\u00bb\u00bb][vc_column][vc_column_text]Agarre el bolso-Pak es una empresa que fabrica y comercializa para bolsa de envases de pl\u00e1stico flexible de m\u00e1s de 40 a\u00f1os. La experiencia y los conocimientos adquiridos, permiti\u00f3 a la bolsa para ampliar la bolsa de la gama de producto, incluyendo la producci\u00f3n de cierre perfil ZIPPY.<\/p>\n<p>&nbsp;<\/p>\n<h3>El sistema de resellabilidad es ampliamente utilizado:<\/h3>\n<ul>\n<li>En la industria alimentaria:<br \/>\n&#8211; Producci\u00f3n de queso (rallado, en lascas o cubitos)<br \/>\n&#8211; Forraje para animales dom\u00e9sticos<br \/>\n&#8211; Productos congelados<br \/>\n&#8211; Confi ter\u00eda<br \/>\n&#8211; Caf\u00e9<br \/>\n&#8211; Fruta seca<\/li>\n<li>En el sector farmac\u00e9utico y cosm\u00e9tico<\/li>\n<li>Para el envase de productos industriales<\/li>\n<li>DIY, herramientas, ferreter\u00eda<\/li>\n<\/ul>\n<p>[\/vc_column_text][vc_separator type=\u00bbtransparent\u00bb border_style=\u00bb\u00bb up=\u00bb20&#8243; down=\u00bb0&#8243; icon_pack=\u00bbfont_awesome\u00bb][\/vc_column][\/vc_row]<\/p>\n<\/div>","protected":false},"excerpt":{"rendered":"<p>[vc_row row_type=\u00bbrow\u00bb use_row_as_full_screen_section=\u00bbno\u00bb type=\u00bbfull_width\u00bb text_align=\u00bbleft\u00bb background_animation=\u00bbnone\u00bb padding_bottom=\u00bb45&#8243; css_animation=\u00bb\u00bb][vc_column][vc_column_text]Agarre el bolso-Pak es una empresa que fabrica y comercializa para bolsa de envases de pl\u00e1stico flexible de m\u00e1s de 40 a\u00f1os. La experiencia y los conocimientos adquiridos, permiti\u00f3 a la bolsa para ampliar la bolsa de la&#8230;<\/p>\n","protected":false},"author":1,"featured_media":0,"parent":0,"menu_order":0,"comment_status":"open","ping_status":"open","template":"","meta":{"footnotes":""},"class_list":["post-23285","page","type-page","status-publish","hentry"],"yoast_head":"<!-- This site is optimized with the Yoast SEO plugin v21.8 - https:\/\/yoast.com\/wordpress\/plugins\/seo\/ -->\n<title>quienes somos - Zippy di Minigrip<\/title>\n<meta name=\"robots\" content=\"index, follow, max-snippet:-1, max-image-preview:large, max-video-preview:-1\" \/>\n<link rel=\"canonical\" href=\"https:\/\/zippygrip.it\/es\/quienes-somos\/\" \/>\n<meta property=\"og:locale\" content=\"es_ES\" \/>\n<meta property=\"og:type\" content=\"article\" \/>\n<meta property=\"og:title\" content=\"quienes somos - Zippy di Minigrip\" \/>\n<meta property=\"og:description\" content=\"[vc_row row_type=\u00bbrow\u00bb use_row_as_full_screen_section=\u00bbno\u00bb type=\u00bbfull_width\u00bb text_align=\u00bbleft\u00bb background_animation=\u00bbnone\u00bb padding_bottom=\u00bb45&#8243; css_animation=\u00bb\u00bb][vc_column][vc_column_text]Agarre el bolso-Pak es una empresa que fabrica y comercializa para bolsa de envases de pl\u00e1stico flexible de m\u00e1s de 40 a\u00f1os. La experiencia y los conocimientos adquiridos, permiti\u00f3 a la bolsa para ampliar la bolsa de la...\" \/>\n<meta property=\"og:url\" content=\"https:\/\/zippygrip.it\/es\/quienes-somos\/\" \/>\n<meta property=\"og:site_name\" content=\"Zippy di Minigrip\" \/>\n<meta name=\"twitter:card\" content=\"summary_large_image\" \/>\n<meta name=\"twitter:label1\" content=\"Tiempo de lectura\" \/>\n\t<meta name=\"twitter:data1\" content=\"1 minuto\" \/>\n<!-- \/ Yoast SEO plugin. -->","yoast_head_json":{"title":"quienes somos - Zippy di Minigrip","robots":{"index":"index","follow":"follow","max-snippet":"max-snippet:-1","max-image-preview":"max-image-preview:large","max-video-preview":"max-video-preview:-1"},"canonical":"https:\/\/zippygrip.it\/es\/quienes-somos\/","og_locale":"es_ES","og_type":"article","og_title":"quienes somos - Zippy di Minigrip","og_description":"[vc_row row_type=\u00bbrow\u00bb use_row_as_full_screen_section=\u00bbno\u00bb type=\u00bbfull_width\u00bb text_align=\u00bbleft\u00bb background_animation=\u00bbnone\u00bb padding_bottom=\u00bb45&#8243; css_animation=\u00bb\u00bb][vc_column][vc_column_text]Agarre el bolso-Pak es una empresa que fabrica y comercializa para bolsa de envases de pl\u00e1stico flexible de m\u00e1s de 40 a\u00f1os. La experiencia y los conocimientos adquiridos, permiti\u00f3 a la bolsa para ampliar la bolsa de la...","og_url":"https:\/\/zippygrip.it\/es\/quienes-somos\/","og_site_name":"Zippy di Minigrip","twitter_card":"summary_large_image","twitter_misc":{"Tiempo de lectura":"1 minuto"},"schema":{"@context":"https:\/\/schema.org","@graph":[{"@type":"WebPage","@id":"https:\/\/zippygrip.it\/es\/quienes-somos\/","url":"https:\/\/zippygrip.it\/es\/quienes-somos\/","name":"quienes somos - Zippy di Minigrip","isPartOf":{"@id":"https:\/\/zippygrip.it\/#website"},"datePublished":"2022-03-03T15:07:05+00:00","dateModified":"2022-03-03T15:07:05+00:00","breadcrumb":{"@id":"https:\/\/zippygrip.it\/es\/quienes-somos\/#breadcrumb"},"inLanguage":"es","potentialAction":[{"@type":"ReadAction","target":["https:\/\/zippygrip.it\/es\/quienes-somos\/"]}]},{"@type":"BreadcrumbList","@id":"https:\/\/zippygrip.it\/es\/quienes-somos\/#breadcrumb","itemListElement":[{"@type":"ListItem","position":1,"name":"Home","item":"https:\/\/zippygrip.it\/es\/"},{"@type":"ListItem","position":2,"name":"quienes somos"}]},{"@type":"WebSite","@id":"https:\/\/zippygrip.it\/#website","url":"https:\/\/zippygrip.it\/","name":"Zippy di Minigrip","description":"Doipack - packaging stand-up","publisher":{"@id":"https:\/\/zippygrip.it\/#organization"},"potentialAction":[{"@type":"SearchAction","target":{"@type":"EntryPoint","urlTemplate":"https:\/\/zippygrip.it\/?s={search_term_string}"},"query-input":"required name=search_term_string"}],"inLanguage":"es"},{"@type":"Organization","@id":"https:\/\/zippygrip.it\/#organization","name":"Minigrip\u00ae Grip-pak\u00ae","url":"https:\/\/zippygrip.it\/","logo":{"@type":"ImageObject","inLanguage":"es","@id":"https:\/\/zippygrip.it\/#\/schema\/logo\/image\/","url":"https:\/\/zippygrip.it\/wp-content\/uploads\/2019\/11\/StandUp-logo.png","contentUrl":"https:\/\/zippygrip.it\/wp-content\/uploads\/2019\/11\/StandUp-logo.png","width":350,"height":165,"caption":"Minigrip\u00ae Grip-pak\u00ae"},"image":{"@id":"https:\/\/zippygrip.it\/#\/schema\/logo\/image\/"}}]}},"_links":{"self":[{"href":"https:\/\/zippygrip.it\/es\/wp-json\/wp\/v2\/pages\/23285","targetHints":{"allow":["GET"]}}],"collection":[{"href":"https:\/\/zippygrip.it\/es\/wp-json\/wp\/v2\/pages"}],"about":[{"href":"https:\/\/zippygrip.it\/es\/wp-json\/wp\/v2\/types\/page"}],"author":[{"embeddable":true,"href":"https:\/\/zippygrip.it\/es\/wp-json\/wp\/v2\/users\/1"}],"replies":[{"embeddable":true,"href":"https:\/\/zippygrip.it\/es\/wp-json\/wp\/v2\/comments?post=23285"}],"version-history":[{"count":1,"href":"https:\/\/zippygrip.it\/es\/wp-json\/wp\/v2\/pages\/23285\/revisions"}],"predecessor-version":[{"id":23286,"href":"https:\/\/zippygrip.it\/es\/wp-json\/wp\/v2\/pages\/23285\/revisions\/23286"}],"wp:attachment":[{"href":"https:\/\/zippygrip.it\/es\/wp-json\/wp\/v2\/media?parent=23285"}],"curies":[{"name":"wp","href":"https:\/\/api.w.org\/{rel}","templated":true}]}}