{"id":23320,"date":"2022-03-03T17:41:02","date_gmt":"2022-03-03T16:41:02","guid":{"rendered":"https:\/\/zippygrip.it\/?page_id=23320"},"modified":"2022-06-30T16:43:55","modified_gmt":"2022-06-30T14:43:55","slug":"imballaggi-richiudibili-in-materiale-plastico-flessibile","status":"publish","type":"page","link":"https:\/\/zippygrip.it\/de\/","title":{"rendered":"Zippy\u00ae Mingrip\u00ae"},"content":{"rendered":"<div class=\"wpb-content-wrapper\"><p>[vc_row row_type=&#8220;row&#8220; use_row_as_full_screen_section=&#8220;no&#8220; type=&#8220;full_width&#8220; text_align=&#8220;left&#8220; background_animation=&#8220;none&#8220; css_animation=&#8220;&#8220;][vc_column offset=&#8220;vc_hidden-sm vc_hidden-xs&#8220;]\n\t\t\t<!-- START home de REVOLUTION SLIDER 6.0.9 --><p class=\"rs-p-wp-fix\"><\/p>\n\t\t\t<rs-module-wrap id=\"rev_slider_3_1_wrapper\" data-source=\"gallery\" style=\"background:transparent;padding:0;margin:0px auto;margin-top:0;margin-bottom:0;\">\n\t\t\t\t<rs-module id=\"rev_slider_3_1\" style=\"display:none;\" data-version=\"6.0.9\">\n\t\t\t\t\t<rs-slides>\n\t\t\t\t\t\t<rs-slide data-key=\"rs-10\" data-title=\"Slide\" data-thumb=\"\/\/zippygrip.it\/wp-content\/uploads\/2020\/07\/zip-prodotti-in-evidenza-100x50.jpg\" data-anim=\"ei:d;eo:d;s:600;r:0;t:fade;sl:d;\">\n\t\t\t\t\t\t\t<img loading=\"lazy\" decoding=\"async\" src=\"\/\/zippygrip.it\/wp-content\/plugins\/revslider\/public\/assets\/assets\/dummy.png\" title=\"zip-prodotti-in-evidenza\" width=\"1918\" height=\"524\" data-lazyload=\"\/\/zippygrip.it\/wp-content\/uploads\/2020\/07\/zip-prodotti-in-evidenza.jpg\" data-bg=\"p:center top;\" data-parallax=\"off\" class=\"rev-slidebg\" data-no-retina>\n<!--\n\t\t\t\t\t\t\t--><rs-layer\n\t\t\t\t\t\t\t\tid=\"slider-3-slide-10-layer-16\" \n\t\t\t\t\t\t\t\tclass=\"slider1_1\"\n\t\t\t\t\t\t\t\tdata-type=\"text\"\n\t\t\t\t\t\t\t\tdata-color=\"#000000\"\n\t\t\t\t\t\t\t\tdata-rsp_ch=\"on\"\n\t\t\t\t\t\t\t\tdata-xy=\"x:l,l,c,c;xo:-1px,-287px,-263px,-122px;y:b,b,m,m;yo:95px,50px,51px,34px;\"\n\t\t\t\t\t\t\t\tdata-text=\"w:nowrap,nowrap,nowrap,nowrap;s:28,28,18,15;l:40,40,44,45;fw:500,400,400,400;a:left,left,inherit,inherit;\"\n\t\t\t\t\t\t\t\tdata-frame_0=\"y:100%;tp:600;\"\n\t\t\t\t\t\t\t\tdata-frame_0_mask=\"u:t;y:100%;\"\n\t\t\t\t\t\t\t\tdata-frame_1=\"x:0,0,0px,0px;y:0,0,0px,0px;tp:600;e:Power2.easeInOut;st:599.99969482422;sp:500;sR:599.99969482422;\"\n\t\t\t\t\t\t\t\tdata-frame_1_mask=\"u:t;x:0,0,0px,0px;y:0,0,0px,0px;\"\n\t\t\t\t\t\t\t\tdata-frame_999=\"o:0;tp:600;st:w;sR:7900.0006103516;\"\n\t\t\t\t\t\t\t\tstyle=\"z-index:5;font-family:Khand;\"\n\t\t\t\t\t\t\t><br \/>\n<b style=\"font-size: 66px;\">ZIPPY \u00ae<\/b><br \/>\nDas wiederverschliessbare System<br>wird in vielen Sektoren angewandt \n\t\t\t\t\t\t\t<\/rs-layer><!--\n-->\t\t\t\t\t\t<\/rs-slide>\n\t\t\t\t\t\t<rs-slide data-key=\"rs-11\" data-title=\"Slide\" data-thumb=\"\/\/zippygrip.it\/wp-content\/uploads\/2020\/04\/zippy-minigrip-100x50.jpg\" data-anim=\"ei:d;eo:d;s:600;r:0;t:fade;sl:d;\">\n\t\t\t\t\t\t\t<img loading=\"lazy\" decoding=\"async\" src=\"\/\/zippygrip.it\/wp-content\/plugins\/revslider\/public\/assets\/assets\/dummy.png\" title=\"zippy-minigrip\" width=\"1918\" height=\"550\" data-lazyload=\"\/\/zippygrip.it\/wp-content\/uploads\/2020\/04\/zippy-minigrip.jpg\" data-parallax=\"off\" class=\"rev-slidebg\" data-no-retina>\n<!--\n\t\t\t\t\t\t\t--><rs-layer\n\t\t\t\t\t\t\t\tid=\"slider-3-slide-11-layer-16\" \n\t\t\t\t\t\t\t\tclass=\"slider1_1\"\n\t\t\t\t\t\t\t\tdata-type=\"text\"\n\t\t\t\t\t\t\t\tdata-color=\"#000000\"\n\t\t\t\t\t\t\t\tdata-rsp_ch=\"on\"\n\t\t\t\t\t\t\t\tdata-xy=\"x:l,l,c,c;xo:1px,-287px,-263px,-122px;y:m;yo:30px,50px,51px,34px;\"\n\t\t\t\t\t\t\t\tdata-text=\"w:nowrap,nowrap,nowrap,nowrap;s:33,33,18,15;l:45,45,44,45;a:left,left,inherit,inherit;\"\n\t\t\t\t\t\t\t\tdata-frame_0=\"y:100%;tp:600;\"\n\t\t\t\t\t\t\t\tdata-frame_0_mask=\"u:t;y:100%;\"\n\t\t\t\t\t\t\t\tdata-frame_1=\"x:0,0,0px,0px;y:0,0,0px,0px;tp:600;e:Power2.easeInOut;st:599.99969482422;sp:500;sR:599.99969482422;\"\n\t\t\t\t\t\t\t\tdata-frame_1_mask=\"u:t;x:0,0,0px,0px;y:0,0,0px,0px;\"\n\t\t\t\t\t\t\t\tdata-frame_999=\"o:0;tp:600;st:w;sR:7900.0006103516;\"\n\t\t\t\t\t\t\t\tstyle=\"z-index:5;font-family:Khand;\"\n\t\t\t\t\t\t\t><br \/>\n<b style=\"font-size: 66px;\">ZIPPY \u00ae<\/b><br \/>\nWerten Sie Ihr Produkt und Ihre Marke auf und verwenden<br>Sie die wiederverschliessbaren Packungen! \n\t\t\t\t\t\t\t<\/rs-layer><!--\n-->\t\t\t\t\t\t<\/rs-slide>\n\t\t\t\t\t<\/rs-slides>\n\t\t\t\t\t<rs-progress style=\"height: 5px; background: rgba(0,0,0,0.15);\"><\/rs-progress>\n\t\t\t\t<\/rs-module>\n\t\t\t\t<script type=\"text\/javascript\">\n\t\t\t\t\tsetREVStartSize({c: 'rev_slider_3_1',rl:[1240,1024,778,480],el:[550,600,500,400],gw:[1240,1024,778,480],gh:[550,600,500,400],layout:'fullwidth',mh:\"0\"});\n\t\t\t\t\tvar\trevapi3,\n\t\t\t\t\t\ttpj;\n\t\t\t\t\tjQuery(function() {\n\t\t\t\t\t\ttpj = jQuery;\n\t\t\t\t\t\tif(tpj(\"#rev_slider_3_1\").revolution == undefined){\n\t\t\t\t\t\t\trevslider_showDoubleJqueryError(\"#rev_slider_3_1\");\n\t\t\t\t\t\t}else{\n\t\t\t\t\t\t\trevapi3 = tpj(\"#rev_slider_3_1\").show().revolution({\n\t\t\t\t\t\t\t\tjsFileLocation:\"\/\/zippygrip.it\/wp-content\/plugins\/revslider\/public\/assets\/js\/\",\n\t\t\t\t\t\t\t\tsliderLayout:\"fullwidth\",\n\t\t\t\t\t\t\t\tvisibilityLevels:\"1240,1024,778,480\",\n\t\t\t\t\t\t\t\tgridwidth:\"1240,1024,778,480\",\n\t\t\t\t\t\t\t\tgridheight:\"550,600,500,400\",\n\t\t\t\t\t\t\t\tminHeight:\"\",\n\t\t\t\t\t\t\t\thideLayerAtLimit:481,\n\t\t\t\t\t\t\t\tlazyType:\"smart\",\n\t\t\t\t\t\t\t\teditorheight:\"550,600,500,400\",\n\t\t\t\t\t\t\t\tresponsiveLevels:\"1240,1024,778,480\",\n\t\t\t\t\t\t\t\tnavigation: {\n\t\t\t\t\t\t\t\t\tmouseScrollNavigation:false,\n\t\t\t\t\t\t\t\t\ttouch: {\n\t\t\t\t\t\t\t\t\t\ttouchenabled:true,\n\t\t\t\t\t\t\t\t\t\tswipe_min_touches:50\n\t\t\t\t\t\t\t\t\t},\n\t\t\t\t\t\t\t\t\tarrows: {\n\t\t\t\t\t\t\t\t\t\tenable:true,\n\t\t\t\t\t\t\t\t\t\tstyle:\"hesperiden\",\n\t\t\t\t\t\t\t\t\t\thide_onmobile:true,\n\t\t\t\t\t\t\t\t\t\thide_under:600,\n\t\t\t\t\t\t\t\t\t\thide_onleave:true,\n\t\t\t\t\t\t\t\t\t\tleft: {\n\t\t\t\t\t\t\t\t\t\t\th_offset:30\n\t\t\t\t\t\t\t\t\t\t},\n\t\t\t\t\t\t\t\t\t\tright: {\n\t\t\t\t\t\t\t\t\t\t\th_offset:30\n\t\t\t\t\t\t\t\t\t\t}\n\t\t\t\t\t\t\t\t\t}\n\t\t\t\t\t\t\t\t},\n\t\t\t\t\t\t\t\tparallax: {\n\t\t\t\t\t\t\t\t\tlevels:[2,3,4,5,6,7,12,16,10,50,47,48,49,50,51,55],\n\t\t\t\t\t\t\t\t\ttype:\"mouse\",\n\t\t\t\t\t\t\t\t\torigo:\"slidercenter\",\n\t\t\t\t\t\t\t\t\tspeed:2000\n\t\t\t\t\t\t\t\t},\n\t\t\t\t\t\t\t\tfallbacks: {\n\t\t\t\t\t\t\t\t\tallowHTML5AutoPlayOnAndroid:true\n\t\t\t\t\t\t\t\t},\n\t\t\t\t\t\t\t});\n\t\t\t\t\t\t}\n\t\t\t\t\t\t\n\t\t\t\t\t});\n\t\t\t\t<\/script>\n\t\t\t\t<script>\n\t\t\t\t\tvar htmlDivCss = unescape(\"%23rev_slider_3_1_wrapper%20.hesperiden.tparrows%20%7B%0A%09cursor%3Apointer%3B%0A%09background%3Argba%280%2C0%2C0%2C0.5%29%3B%0A%09width%3A40px%3B%0A%09height%3A40px%3B%0A%09position%3Aabsolute%3B%0A%09display%3Ablock%3B%0A%09z-index%3A1000%3B%0A%20%20%20%20border-radius%3A%2050%25%3B%0A%7D%0A%23rev_slider_3_1_wrapper%20.hesperiden.tparrows%3Ahover%20%7B%0A%09background%3A%23000000%3B%0A%7D%0A%23rev_slider_3_1_wrapper%20.hesperiden.tparrows%3Abefore%20%7B%0A%09font-family%3A%20%27revicons%27%3B%0A%09font-size%3A20px%3B%0A%09color%3A%23ffffff%3B%0A%09display%3Ablock%3B%0A%09line-height%3A%2040px%3B%0A%09text-align%3A%20center%3B%0A%7D%0A%23rev_slider_3_1_wrapper%20.hesperiden.tparrows.tp-leftarrow%3Abefore%20%7B%0A%09content%3A%20%27%5Ce82c%27%3B%0A%20%20%20%20margin-left%3A-3px%3B%0A%7D%0A%23rev_slider_3_1_wrapper%20.hesperiden.tparrows.tp-rightarrow%3Abefore%20%7B%0A%09content%3A%20%27%5Ce82d%27%3B%0A%20%20%20%20margin-right%3A-3px%3B%0A%7D%0A\");\n\t\t\t\t\tvar htmlDiv = document.getElementById('rs-plugin-settings-inline-css');\n\t\t\t\t\tif(htmlDiv) {\n\t\t\t\t\t\thtmlDiv.innerHTML = htmlDiv.innerHTML + htmlDivCss;\n\t\t\t\t\t}else{\n\t\t\t\t\t\tvar htmlDiv = document.createElement('div');\n\t\t\t\t\t\thtmlDiv.innerHTML = '<style>' + htmlDivCss + '<\/style>';\n\t\t\t\t\t\tdocument.getElementsByTagName('head')[0].appendChild(htmlDiv.childNodes[0]);\n\t\t\t\t\t}\n\t\t\t\t<\/script>\n\t\t\t<\/rs-module-wrap>\n\t\t\t<!-- END REVOLUTION SLIDER -->\n[\/vc_column][\/vc_row][vc_row row_type=&#8220;row&#8220; use_row_as_full_screen_section=&#8220;no&#8220; type=&#8220;grid&#8220; text_align=&#8220;left&#8220; background_animation=&#8220;none&#8220; padding_top=&#8220;75&#8243; padding_bottom=&#8220;35&#8243; css_animation=&#8220;&#8220; background_color=&#8220;#f5f5f5&#8243; css=&#8220;.vc_custom_1587464625684{background-color: #ffffff !important;}&#8220;][vc_column][vc_column_text]<\/p>\n<h1 style=\"text-align: center;\"><span style=\"color: #e71e06;\">Werten Sie Ihr Produkt und Ihre Marke auf und verwenden Sie die wiederverschliessbaren Packungen!<\/span><\/h1>\n<p>[\/vc_column_text][vc_empty_space][vc_separator type=&#8220;normal&#8220; border_style=&#8220;&#8220;][vc_empty_space][vc_column_text]<\/p>\n<h4 style=\"text-align: center;\">Zippy, \u00f6ffnen schlie\u00dfen wiederverschlie\u00dfbare Beutel<\/h4>\n<p>[\/vc_column_text][vc_empty_space][vc_column_text]<\/p>\n<p style=\"text-align: center;\">Einen einfachen Beweis Rei\u00dfverschl\u00fcsse st\u00e4rkt das &#8222;Charisma&#8220; des Pakets hinzuf\u00fcgen, haben wir gefunden, dass Verbraucher eher wiederverschlie\u00dfbare Verpackungen w\u00e4hlen, die den Inhalt nach Gebrauch, unabh\u00e4ngig vom Preis besiegeln.<\/p>\n<p style=\"text-align: center;\">Diese Art von Paket hilft Ihnen, auch auf hart umk\u00e4mpften M\u00e4rkten entstehen!<\/p>\n<p style=\"text-align: center;\">Wir bieten Zusammenarbeit und Unterst\u00fctzung, eine flexible Verpackung, effizient und kosteng\u00fcnstig zu entwickeln.<\/p>\n<p>[\/vc_column_text][vc_empty_space][\/vc_column][\/vc_row][vc_row row_type=&#8220;row&#8220; use_row_as_full_screen_section=&#8220;no&#8220; type=&#8220;full_width&#8220; text_align=&#8220;left&#8220; background_animation=&#8220;none&#8220; css_animation=&#8220;&#8220; background_color=&#8220;#ffffff&#8220;][vc_column][vc_empty_space css=&#8220;.vc_custom_1573201215276{background-color: #ffffff !important;}&#8220;][\/vc_column][\/vc_row][vc_row row_type=&#8220;row&#8220; use_row_as_full_screen_section=&#8220;yes&#8220; type=&#8220;full_width&#8220; text_align=&#8220;left&#8220; background_animation=&#8220;none&#8220; padding_top=&#8220;75&#8243; padding_bottom=&#8220;35&#8243; css_animation=&#8220;&#8220; background_color=&#8220;#f5f5f5&#8243;][vc_column][vc_row_inner row_type=&#8220;row&#8220; type=&#8220;grid&#8220; use_row_as_full_screen_section_slide=&#8220;no&#8220; text_align=&#8220;left&#8220; css_animation=&#8220;&#8220;][vc_column_inner][vc_column_text]<\/p>\n<h2><span style=\"color: #e71e06;\">Das wiederverschliessbare System wird in vielen Sektoren angewandt<\/span><\/h2>\n<p>[\/vc_column_text][vc_empty_space css=&#8220;.vc_custom_1573200771222{background-color: #f5f5f5 !important;}&#8220;][vc_separator type=&#8220;transparent&#8220; border_style=&#8220;&#8220; up=&#8220;20&#8243; down=&#8220;0&#8243;][vc_column_text]Das System ist an horizontale, vertikale oder transversale Verpackungslinien, sowie f\u00fcr neue oder schon im Gebrauch vorhandene anpassbar. Es besteht die M\u00f6glichkeit, auf demselben System Produkte mit Zip oder ohne Zip zu produzieren, ohne dabei die Schnelligkeit der Produktion zu beeintr\u00e4chtigen.<br \/>\nDas Profi l wird auf Spulen geliefert und linear auf Film in PE oder einfachem PP angebracht oder auf Film mit interner Schicht in PE oder PP gekoppelt.<br \/>\nWir offerieren Ihnen eine Zusammenarbeit und technische Unterst\u00fctzung um eine fl exible Verpackung zu entwickeln, welche effi zient und preiswert ist. Falls Sie die Notwendigkeit haben ein neues Produkt mit wiederverschliessbarer Verpackung auf dem Markt zu testen, k\u00f6nnen wir eine Test-Produktion Fertigverpackungen mit oder ohne F\u00fcllung realisieren.[\/vc_column_text][vc_separator type=&#8220;transparent&#8220; border_style=&#8220;&#8220; up=&#8220;20&#8243; down=&#8220;0&#8243;]<a href=\"http:\/\/zippygrip.it\/prodotti\/\" target=\"_self\"  class=\"qbutton \" style=\"margin: auto; \">Unsere Produkte<\/a>[vc_separator type=&#8220;transparent&#8220; border_style=&#8220;&#8220; up=&#8220;40&#8243; down=&#8220;0&#8243;][\/vc_column_inner][\/vc_row_inner][\/vc_column][\/vc_row][vc_row row_type=&#8220;row&#8220; use_row_as_full_screen_section=&#8220;no&#8220; type=&#8220;full_width&#8220; text_align=&#8220;left&#8220; background_animation=&#8220;none&#8220; css_animation=&#8220;&#8220; background_color=&#8220;#ffffff&#8220;][vc_column][vc_row_inner row_type=&#8220;row&#8220; type=&#8220;grid&#8220; use_row_as_full_screen_section_slide=&#8220;no&#8220; text_align=&#8220;left&#8220; padding_top=&#8220;95&#8243; css_animation=&#8220;&#8220;][vc_column_inner][vc_separator type=&#8220;transparent&#8220; border_style=&#8220;&#8220; up=&#8220;10&#8243; down=&#8220;0&#8243;][vc_column_text]<\/p>\n<h2>Follow us<\/h2>\n<p>[\/vc_column_text][\/vc_column_inner][\/vc_row_inner][vc_row_inner row_type=&#8220;row&#8220; type=&#8220;grid&#8220; use_row_as_full_screen_section_slide=&#8220;no&#8220; text_align=&#8220;left&#8220; padding_top=&#8220;85&#8243; padding_bottom=&#8220;45&#8243; css_animation=&#8220;&#8220;][vc_column_inner width=&#8220;1\/4&#8243;]<div class='q_icon_with_title  circle'><div class=\"icon_holder \" style=\" \"><div class=\"icon_holder_inner\"><span class=\"q_font_elegant_holder circle  custom-font\" style=\"font-size: 25px;\"><span class=\"icon_text_icon q_font_elegant_icon social_facebook\" aria-hidden=\"true\" style=\"font-size: 25px;\"><\/span><\/span><\/div><\/div><div class=\"icon_text_holder\" style=\"padding-left: 86px\"><div class=\"icon_text_inner\" style=\"\"><h4 class=\"icon_title\" style=\"\">FACEBOOK<\/h4><p style=''>Keep in touch<\/p><a class='icon_with_title_link' href='https:\/\/www.facebook.com\/Minigrip.Grip.pak' target='_blank' style=''>go to profile<\/a><\/div><\/div><\/div>[vc_separator type=&#8220;transparent&#8220; border_style=&#8220;&#8220; up=&#8220;30&#8243; down=&#8220;0&#8243;][\/vc_column_inner][vc_column_inner width=&#8220;1\/4&#8243;]<div class='q_icon_with_title  circle'><div class=\"icon_holder \" style=\" \"><div class=\"icon_holder_inner\"><span class=\"q_font_elegant_holder circle  custom-font\" style=\"font-size: 25px;\"><span class=\"icon_text_icon q_font_elegant_icon social_linkedin\" aria-hidden=\"true\" style=\"font-size: 25px;\"><\/span><\/span><\/div><\/div><div class=\"icon_text_holder\" style=\"padding-left: 86px\"><div class=\"icon_text_inner\" style=\"\"><h4 class=\"icon_title\" style=\"\">LINKEDIN<\/h4><p style=''>Follow us and stay with us<\/p><a class='icon_with_title_link' href='https:\/\/it.linkedin.com\/company\/minigrip-grip-pak-srl' target='_blank' style=''>go to profile<\/a><\/div><\/div><\/div>[vc_separator type=&#8220;transparent&#8220; border_style=&#8220;&#8220; up=&#8220;30&#8243; down=&#8220;0&#8243;][\/vc_column_inner][vc_column_inner width=&#8220;1\/4&#8243;]<div class='q_icon_with_title  circle'><div class=\"icon_holder \" style=\" \"><div class=\"icon_holder_inner\"><span class=\"q_font_elegant_holder circle  custom-font\" style=\"font-size: 25px;\"><span class=\"icon_text_icon q_font_elegant_icon social_instagram\" aria-hidden=\"true\" style=\"font-size: 25px;\"><\/span><\/span><\/div><\/div><div class=\"icon_text_holder\" style=\"padding-left: 86px\"><div class=\"icon_text_inner\" style=\"\"><h4 class=\"icon_title\" style=\"\">INSTAGRAM<\/h4><p style=''>Get to know our products<\/p><a class='icon_with_title_link' href='https:\/\/www.instagram.com\/minigrip_italia\/' target='_blank' style=''>go to profile<\/a><\/div><\/div><\/div>[vc_separator type=&#8220;transparent&#8220; border_style=&#8220;&#8220; up=&#8220;30&#8243; down=&#8220;0&#8243;][\/vc_column_inner][vc_column_inner width=&#8220;1\/4&#8243;]<div class='q_icon_with_title  circle'><div class=\"icon_holder \" style=\" \"><div class=\"icon_holder_inner\"><span class=\"q_font_elegant_holder circle  custom-font\" style=\"font-size: 25px;\"><span class=\"icon_text_icon q_font_elegant_icon social_youtube\" aria-hidden=\"true\" style=\"font-size: 25px;\"><\/span><\/span><\/div><\/div><div class=\"icon_text_holder\" style=\"padding-left: 86px\"><div class=\"icon_text_inner\" style=\"\"><h4 class=\"icon_title\" style=\"\">YOUTUBE<\/h4><p style=''>our latest projects<\/p><a class='icon_with_title_link' href='https:\/\/www.youtube.com\/channel\/UCstE7PVwb3Vqdob1WJ28ndA' target='_blank' style=''>go to profile<\/a><\/div><\/div><\/div>[vc_separator type=&#8220;transparent&#8220; border_style=&#8220;&#8220; up=&#8220;30&#8243; down=&#8220;0&#8243;][\/vc_column_inner][\/vc_row_inner][\/vc_column][\/vc_row]<\/p>\n<\/div>","protected":false},"excerpt":{"rendered":"<p>[vc_row row_type=&#8220;row&#8220; use_row_as_full_screen_section=&#8220;no&#8220; type=&#8220;full_width&#8220; text_align=&#8220;left&#8220; background_animation=&#8220;none&#8220; css_animation=&#8220;&#8220;][vc_column offset=&#8220;vc_hidden-sm vc_hidden-xs&#8220;][\/vc_column][\/vc_row][vc_row row_type=&#8220;row&#8220; use_row_as_full_screen_section=&#8220;no&#8220; type=&#8220;grid&#8220; text_align=&#8220;left&#8220; background_animation=&#8220;none&#8220; padding_top=&#8220;75&#8243; padding_bottom=&#8220;35&#8243; css_animation=&#8220;&#8220; background_color=&#8220;#f5f5f5&#8243; css=&#8220;.vc_custom_1587464625684{background-color: #ffffff !important;}&#8220;][vc_column][vc_column_text] Werten Sie Ihr Produkt und Ihre Marke auf und verwenden Sie die wiederverschliessbaren Packungen! [\/vc_column_text][vc_empty_space][vc_separator type=&#8220;normal&#8220; border_style=&#8220;&#8220;][vc_empty_space][vc_column_text] Zippy, \u00f6ffnen schlie\u00dfen wiederverschlie\u00dfbare Beutel [\/vc_column_text][vc_empty_space][vc_column_text] Einen&#8230;<\/p>\n","protected":false},"author":1,"featured_media":0,"parent":0,"menu_order":0,"comment_status":"open","ping_status":"closed","template":"full_width.php","meta":{"footnotes":""},"class_list":["post-23320","page","type-page","status-publish","hentry"],"yoast_head":"<!-- This site is optimized with the Yoast SEO plugin v21.8 - https:\/\/yoast.com\/wordpress\/plugins\/seo\/ -->\n<title>Zippy\u00ae Mingrip\u00ae - Zippy di Minigrip<\/title>\n<meta name=\"robots\" content=\"index, follow, max-snippet:-1, max-image-preview:large, max-video-preview:-1\" \/>\n<link rel=\"canonical\" href=\"https:\/\/zippygrip.it\/de\/\" \/>\n<meta property=\"og:locale\" content=\"de_DE\" \/>\n<meta property=\"og:type\" content=\"article\" \/>\n<meta property=\"og:title\" content=\"Zippy\u00ae Mingrip\u00ae - Zippy di Minigrip\" \/>\n<meta property=\"og:description\" content=\"[vc_row row_type=&#8220;row&#8220; use_row_as_full_screen_section=&#8220;no&#8220; type=&#8220;full_width&#8220; text_align=&#8220;left&#8220; background_animation=&#8220;none&#8220; css_animation=&#8220;&#8220;][vc_column offset=&#8220;vc_hidden-sm vc_hidden-xs&#8220;][\/vc_column][\/vc_row][vc_row row_type=&#8220;row&#8220; use_row_as_full_screen_section=&#8220;no&#8220; type=&#8220;grid&#8220; text_align=&#8220;left&#8220; background_animation=&#8220;none&#8220; padding_top=&#8220;75&#8243; padding_bottom=&#8220;35&#8243; css_animation=&#8220;&#8220; background_color=&#8220;#f5f5f5&#8243; css=&#8220;.vc_custom_1587464625684{background-color: #ffffff !important;}&#8220;][vc_column][vc_column_text] Werten Sie Ihr Produkt und Ihre Marke auf und verwenden Sie die wiederverschliessbaren Packungen! [\/vc_column_text][vc_empty_space][vc_separator type=&#8220;normal&#8220; border_style=&#8220;&#8220;][vc_empty_space][vc_column_text] Zippy, \u00f6ffnen schlie\u00dfen wiederverschlie\u00dfbare Beutel [\/vc_column_text][vc_empty_space][vc_column_text] Einen...\" \/>\n<meta property=\"og:url\" content=\"https:\/\/zippygrip.it\/de\/\" \/>\n<meta property=\"og:site_name\" content=\"Zippy di Minigrip\" \/>\n<meta property=\"article:modified_time\" content=\"2022-06-30T14:43:55+00:00\" \/>\n<meta name=\"twitter:card\" content=\"summary_large_image\" \/>\n<meta name=\"twitter:label1\" content=\"Gesch\u00e4tzte Lesezeit\" \/>\n\t<meta name=\"twitter:data1\" content=\"4\u00a0Minuten\" \/>\n<!-- \/ Yoast SEO plugin. -->","yoast_head_json":{"title":"Zippy\u00ae Mingrip\u00ae - Zippy di Minigrip","robots":{"index":"index","follow":"follow","max-snippet":"max-snippet:-1","max-image-preview":"max-image-preview:large","max-video-preview":"max-video-preview:-1"},"canonical":"https:\/\/zippygrip.it\/de\/","og_locale":"de_DE","og_type":"article","og_title":"Zippy\u00ae Mingrip\u00ae - Zippy di Minigrip","og_description":"[vc_row row_type=&#8220;row&#8220; use_row_as_full_screen_section=&#8220;no&#8220; type=&#8220;full_width&#8220; text_align=&#8220;left&#8220; background_animation=&#8220;none&#8220; css_animation=&#8220;&#8220;][vc_column offset=&#8220;vc_hidden-sm vc_hidden-xs&#8220;][\/vc_column][\/vc_row][vc_row row_type=&#8220;row&#8220; use_row_as_full_screen_section=&#8220;no&#8220; type=&#8220;grid&#8220; text_align=&#8220;left&#8220; background_animation=&#8220;none&#8220; padding_top=&#8220;75&#8243; padding_bottom=&#8220;35&#8243; css_animation=&#8220;&#8220; background_color=&#8220;#f5f5f5&#8243; css=&#8220;.vc_custom_1587464625684{background-color: #ffffff !important;}&#8220;][vc_column][vc_column_text] Werten Sie Ihr Produkt und Ihre Marke auf und verwenden Sie die wiederverschliessbaren Packungen! [\/vc_column_text][vc_empty_space][vc_separator type=&#8220;normal&#8220; border_style=&#8220;&#8220;][vc_empty_space][vc_column_text] Zippy, \u00f6ffnen schlie\u00dfen wiederverschlie\u00dfbare Beutel [\/vc_column_text][vc_empty_space][vc_column_text] Einen...","og_url":"https:\/\/zippygrip.it\/de\/","og_site_name":"Zippy di Minigrip","article_modified_time":"2022-06-30T14:43:55+00:00","twitter_card":"summary_large_image","twitter_misc":{"Gesch\u00e4tzte Lesezeit":"4\u00a0Minuten"},"schema":{"@context":"https:\/\/schema.org","@graph":[{"@type":"WebPage","@id":"https:\/\/zippygrip.it\/de\/","url":"https:\/\/zippygrip.it\/de\/","name":"Zippy\u00ae Mingrip\u00ae - Zippy di Minigrip","isPartOf":{"@id":"https:\/\/zippygrip.it\/#website"},"datePublished":"2022-03-03T16:41:02+00:00","dateModified":"2022-06-30T14:43:55+00:00","breadcrumb":{"@id":"https:\/\/zippygrip.it\/de\/#breadcrumb"},"inLanguage":"de","potentialAction":[{"@type":"ReadAction","target":["https:\/\/zippygrip.it\/de\/"]}]},{"@type":"BreadcrumbList","@id":"https:\/\/zippygrip.it\/de\/#breadcrumb","itemListElement":[{"@type":"ListItem","position":1,"name":"Home","item":"https:\/\/zippygrip.it\/de\/"},{"@type":"ListItem","position":2,"name":"Zippy\u00ae Mingrip\u00ae"}]},{"@type":"WebSite","@id":"https:\/\/zippygrip.it\/#website","url":"https:\/\/zippygrip.it\/","name":"Zippy di Minigrip","description":"Doipack - packaging stand-up","publisher":{"@id":"https:\/\/zippygrip.it\/#organization"},"potentialAction":[{"@type":"SearchAction","target":{"@type":"EntryPoint","urlTemplate":"https:\/\/zippygrip.it\/?s={search_term_string}"},"query-input":"required name=search_term_string"}],"inLanguage":"de"},{"@type":"Organization","@id":"https:\/\/zippygrip.it\/#organization","name":"Minigrip\u00ae Grip-pak\u00ae","url":"https:\/\/zippygrip.it\/","logo":{"@type":"ImageObject","inLanguage":"de","@id":"https:\/\/zippygrip.it\/#\/schema\/logo\/image\/","url":"https:\/\/zippygrip.it\/wp-content\/uploads\/2019\/11\/StandUp-logo.png","contentUrl":"https:\/\/zippygrip.it\/wp-content\/uploads\/2019\/11\/StandUp-logo.png","width":350,"height":165,"caption":"Minigrip\u00ae Grip-pak\u00ae"},"image":{"@id":"https:\/\/zippygrip.it\/#\/schema\/logo\/image\/"}}]}},"_links":{"self":[{"href":"https:\/\/zippygrip.it\/de\/wp-json\/wp\/v2\/pages\/23320","targetHints":{"allow":["GET"]}}],"collection":[{"href":"https:\/\/zippygrip.it\/de\/wp-json\/wp\/v2\/pages"}],"about":[{"href":"https:\/\/zippygrip.it\/de\/wp-json\/wp\/v2\/types\/page"}],"author":[{"embeddable":true,"href":"https:\/\/zippygrip.it\/de\/wp-json\/wp\/v2\/users\/1"}],"replies":[{"embeddable":true,"href":"https:\/\/zippygrip.it\/de\/wp-json\/wp\/v2\/comments?post=23320"}],"version-history":[{"count":3,"href":"https:\/\/zippygrip.it\/de\/wp-json\/wp\/v2\/pages\/23320\/revisions"}],"predecessor-version":[{"id":23336,"href":"https:\/\/zippygrip.it\/de\/wp-json\/wp\/v2\/pages\/23320\/revisions\/23336"}],"wp:attachment":[{"href":"https:\/\/zippygrip.it\/de\/wp-json\/wp\/v2\/media?parent=23320"}],"curies":[{"name":"wp","href":"https:\/\/api.w.org\/{rel}","templated":true}]}}