{"id":23304,"date":"2022-03-03T17:22:50","date_gmt":"2022-03-03T16:22:50","guid":{"rendered":"https:\/\/zippygrip.it\/?page_id=23304"},"modified":"2022-03-03T17:22:50","modified_gmt":"2022-03-03T16:22:50","slug":"produkte","status":"publish","type":"page","link":"https:\/\/zippygrip.it\/de\/produkte\/","title":{"rendered":"Produkte"},"content":{"rendered":"<div class=\"wpb-content-wrapper\"><p>[vc_row row_type=&#8220;row&#8220; use_row_as_full_screen_section=&#8220;no&#8220; type=&#8220;grid&#8220; text_align=&#8220;left&#8220; background_animation=&#8220;none&#8220; padding_bottom=&#8220;45&#8243; css_animation=&#8220;&#8220;][vc_column][vc_empty_space height=&#8220;50px&#8220;][vc_column_text]<\/p>\n<h2>Wiederverschliessbar in der flexiblen Verpackung mit dem System OPEN-CLOSE<\/h2>\n<p>[\/vc_column_text][vc_empty_space height=&#8220;20px&#8220;][vc_column_text]<\/p>\n<article class=\"article\">\n<div class=\"wpb_text_column wpb_content_element \">\n<div class=\"wpb_wrapper\">\n<p><strong>Werten Sie Ihr Produkt und Ihre Marke auf und verwenden Sie die wiederverschliessbaren Packungen!<\/strong><\/p>\n<p>Die Zugabe eines einfachen Zippy-Verschlusses erh\u00f6ht die Attraktivit\u00e4t der Verpackung. In der Tat haben wir festgestellt, dass viele Kunden immer h\u00e4ufiger wiederverschliessbare Verpackungen verwenden. Diese lassen sich mit unseren einfachen \u201eZippy\u201c unkompliziert verschliessen und der Inhalt bleibt somit l\u00e4nger frisch.<\/p>\n<p>Das System ist an horizontale, vertikale oder transversale Verpackungslinien, sowie f\u00fcr neue oder schon im Gebrauch vorhandene anpassbar. Die Produkte k\u00f6nnen auf derselben Linie mit oder ohne Verschluss hergestellt werden, ohne Beeintr\u00e4chtigung der Produktions-Geschwindigkeit. Das Zippy-Profil ist auf Rollen verf\u00fcgbar und wird linear mit einfachen PE- oder PP-Folien zusammengef\u00fcgt.<\/p>\n<\/div>\n<\/div>\n<\/article>\n<p>[\/vc_column_text][vc_empty_space height=&#8220;10px&#8220;][\/vc_column][\/vc_row][vc_row row_type=&#8220;row&#8220; use_row_as_full_screen_section=&#8220;no&#8220; type=&#8220;grid&#8220; text_align=&#8220;left&#8220; background_animation=&#8220;none&#8220; padding_bottom=&#8220;45&#8243; css_animation=&#8220;&#8220;][vc_column width=&#8220;1\/4&#8243;][vc_single_image image=&#8220;23142&#8243; img_size=&#8220;full&#8220; qode_css_animation=&#8220;&#8220; css=&#8220;.vc_custom_1587477264941{padding-bottom: 16px !important;}&#8220;][\/vc_column][vc_column width=&#8220;3\/4&#8243;][vc_column_text]<strong>Werten Sie Ihr Produkt und Ihre Marke auf und verwenden<br \/>\nSie die wiederverschliessbaren Packungen:<br \/>\n<\/strong>[\/vc_column_text][vc_separator type=&#8220;transparent&#8220; border_style=&#8220;&#8220; up=&#8220;20&#8243; down=&#8220;0&#8243; icon_pack=&#8220;font_awesome&#8220;][vc_column_text]<\/p>\n<article class=\"article\">\n<div class=\"post-entry bottom40\">\n<div class=\"one_half last\">\n<ul>\n<li>Zippy\u00ae 25 mm<\/li>\n<li>Zippy\u00ae 17,5 mm<\/li>\n<li>Zippy\u00ae 13 mm<\/li>\n<li>Zippy\u00ae 12 mm<\/li>\n<li>Zippy\u00ae 10 mm<\/li>\n<li>Zippy\u00ae STRING 3,7 mm<\/li>\n<li>Zippy\u00ae PP 14 mm<\/li>\n<\/ul>\n<\/div>\n<\/div>\n<\/article>\n<p>[\/vc_column_text][\/vc_column][\/vc_row][vc_row row_type=&#8220;row&#8220; use_row_as_full_screen_section=&#8220;no&#8220; type=&#8220;grid&#8220; text_align=&#8220;left&#8220; background_animation=&#8220;none&#8220; padding_bottom=&#8220;45&#8243; css_animation=&#8220;&#8220;][vc_column][vc_column_text]<\/p>\n<article class=\"article\">Falls Sie ein neues Produkt mit wiederverschliessbarer Verpackung auf dem Markt testen m\u00f6chten, k\u00f6nnen wir f\u00fcr Sie eine Test-Produktion mit oder ohne F\u00fcllung realisieren.<\/article>\n<p>[\/vc_column_text][\/vc_column][\/vc_row]<\/p>\n<\/div>","protected":false},"excerpt":{"rendered":"<p>[vc_row row_type=&#8220;row&#8220; use_row_as_full_screen_section=&#8220;no&#8220; type=&#8220;grid&#8220; text_align=&#8220;left&#8220; background_animation=&#8220;none&#8220; padding_bottom=&#8220;45&#8243; css_animation=&#8220;&#8220;][vc_column][vc_empty_space height=&#8220;50px&#8220;][vc_column_text] Wiederverschliessbar in der flexiblen Verpackung mit dem System OPEN-CLOSE [\/vc_column_text][vc_empty_space height=&#8220;20px&#8220;][vc_column_text] Werten Sie Ihr Produkt und Ihre Marke auf und verwenden Sie die wiederverschliessbaren Packungen! Die Zugabe eines einfachen Zippy-Verschlusses erh\u00f6ht die Attraktivit\u00e4t der Verpackung. In&#8230;<\/p>\n","protected":false},"author":1,"featured_media":0,"parent":0,"menu_order":0,"comment_status":"open","ping_status":"open","template":"full_width.php","meta":{"footnotes":""},"class_list":["post-23304","page","type-page","status-publish","hentry"],"yoast_head":"<!-- This site is optimized with the Yoast SEO plugin v21.8 - https:\/\/yoast.com\/wordpress\/plugins\/seo\/ -->\n<title>Produkte - Zippy di Minigrip<\/title>\n<meta name=\"robots\" content=\"index, follow, max-snippet:-1, max-image-preview:large, max-video-preview:-1\" \/>\n<link rel=\"canonical\" href=\"https:\/\/zippygrip.it\/de\/produkte\/\" \/>\n<meta property=\"og:locale\" content=\"de_DE\" \/>\n<meta property=\"og:type\" content=\"article\" \/>\n<meta property=\"og:title\" content=\"Produkte - Zippy di Minigrip\" \/>\n<meta property=\"og:description\" content=\"[vc_row row_type=&#8220;row&#8220; use_row_as_full_screen_section=&#8220;no&#8220; type=&#8220;grid&#8220; text_align=&#8220;left&#8220; background_animation=&#8220;none&#8220; padding_bottom=&#8220;45&#8243; css_animation=&#8220;&#8220;][vc_column][vc_empty_space height=&#8220;50px&#8220;][vc_column_text] Wiederverschliessbar in der flexiblen Verpackung mit dem System OPEN-CLOSE [\/vc_column_text][vc_empty_space height=&#8220;20px&#8220;][vc_column_text] Werten Sie Ihr Produkt und Ihre Marke auf und verwenden Sie die wiederverschliessbaren Packungen! Die Zugabe eines einfachen Zippy-Verschlusses erh\u00f6ht die Attraktivit\u00e4t der Verpackung. In...\" \/>\n<meta property=\"og:url\" content=\"https:\/\/zippygrip.it\/de\/produkte\/\" \/>\n<meta property=\"og:site_name\" content=\"Zippy di Minigrip\" \/>\n<meta name=\"twitter:card\" content=\"summary_large_image\" \/>\n<meta name=\"twitter:label1\" content=\"Gesch\u00e4tzte Lesezeit\" \/>\n\t<meta name=\"twitter:data1\" content=\"2\u00a0Minuten\" \/>\n<!-- \/ Yoast SEO plugin. -->","yoast_head_json":{"title":"Produkte - Zippy di Minigrip","robots":{"index":"index","follow":"follow","max-snippet":"max-snippet:-1","max-image-preview":"max-image-preview:large","max-video-preview":"max-video-preview:-1"},"canonical":"https:\/\/zippygrip.it\/de\/produkte\/","og_locale":"de_DE","og_type":"article","og_title":"Produkte - Zippy di Minigrip","og_description":"[vc_row row_type=&#8220;row&#8220; use_row_as_full_screen_section=&#8220;no&#8220; type=&#8220;grid&#8220; text_align=&#8220;left&#8220; background_animation=&#8220;none&#8220; padding_bottom=&#8220;45&#8243; css_animation=&#8220;&#8220;][vc_column][vc_empty_space height=&#8220;50px&#8220;][vc_column_text] Wiederverschliessbar in der flexiblen Verpackung mit dem System OPEN-CLOSE [\/vc_column_text][vc_empty_space height=&#8220;20px&#8220;][vc_column_text] Werten Sie Ihr Produkt und Ihre Marke auf und verwenden Sie die wiederverschliessbaren Packungen! Die Zugabe eines einfachen Zippy-Verschlusses erh\u00f6ht die Attraktivit\u00e4t der Verpackung. In...","og_url":"https:\/\/zippygrip.it\/de\/produkte\/","og_site_name":"Zippy di Minigrip","twitter_card":"summary_large_image","twitter_misc":{"Gesch\u00e4tzte Lesezeit":"2\u00a0Minuten"},"schema":{"@context":"https:\/\/schema.org","@graph":[{"@type":"WebPage","@id":"https:\/\/zippygrip.it\/de\/produkte\/","url":"https:\/\/zippygrip.it\/de\/produkte\/","name":"Produkte - Zippy di Minigrip","isPartOf":{"@id":"https:\/\/zippygrip.it\/#website"},"datePublished":"2022-03-03T16:22:50+00:00","dateModified":"2022-03-03T16:22:50+00:00","breadcrumb":{"@id":"https:\/\/zippygrip.it\/de\/produkte\/#breadcrumb"},"inLanguage":"de","potentialAction":[{"@type":"ReadAction","target":["https:\/\/zippygrip.it\/de\/produkte\/"]}]},{"@type":"BreadcrumbList","@id":"https:\/\/zippygrip.it\/de\/produkte\/#breadcrumb","itemListElement":[{"@type":"ListItem","position":1,"name":"Home","item":"https:\/\/zippygrip.it\/de\/"},{"@type":"ListItem","position":2,"name":"Produkte"}]},{"@type":"WebSite","@id":"https:\/\/zippygrip.it\/#website","url":"https:\/\/zippygrip.it\/","name":"Zippy di Minigrip","description":"Doipack - packaging stand-up","publisher":{"@id":"https:\/\/zippygrip.it\/#organization"},"potentialAction":[{"@type":"SearchAction","target":{"@type":"EntryPoint","urlTemplate":"https:\/\/zippygrip.it\/?s={search_term_string}"},"query-input":"required name=search_term_string"}],"inLanguage":"de"},{"@type":"Organization","@id":"https:\/\/zippygrip.it\/#organization","name":"Minigrip\u00ae Grip-pak\u00ae","url":"https:\/\/zippygrip.it\/","logo":{"@type":"ImageObject","inLanguage":"de","@id":"https:\/\/zippygrip.it\/#\/schema\/logo\/image\/","url":"https:\/\/zippygrip.it\/wp-content\/uploads\/2019\/11\/StandUp-logo.png","contentUrl":"https:\/\/zippygrip.it\/wp-content\/uploads\/2019\/11\/StandUp-logo.png","width":350,"height":165,"caption":"Minigrip\u00ae Grip-pak\u00ae"},"image":{"@id":"https:\/\/zippygrip.it\/#\/schema\/logo\/image\/"}}]}},"_links":{"self":[{"href":"https:\/\/zippygrip.it\/de\/wp-json\/wp\/v2\/pages\/23304","targetHints":{"allow":["GET"]}}],"collection":[{"href":"https:\/\/zippygrip.it\/de\/wp-json\/wp\/v2\/pages"}],"about":[{"href":"https:\/\/zippygrip.it\/de\/wp-json\/wp\/v2\/types\/page"}],"author":[{"embeddable":true,"href":"https:\/\/zippygrip.it\/de\/wp-json\/wp\/v2\/users\/1"}],"replies":[{"embeddable":true,"href":"https:\/\/zippygrip.it\/de\/wp-json\/wp\/v2\/comments?post=23304"}],"version-history":[{"count":2,"href":"https:\/\/zippygrip.it\/de\/wp-json\/wp\/v2\/pages\/23304\/revisions"}],"predecessor-version":[{"id":23306,"href":"https:\/\/zippygrip.it\/de\/wp-json\/wp\/v2\/pages\/23304\/revisions\/23306"}],"wp:attachment":[{"href":"https:\/\/zippygrip.it\/de\/wp-json\/wp\/v2\/media?parent=23304"}],"curies":[{"name":"wp","href":"https:\/\/api.w.org\/{rel}","templated":true}]}}